{"id":53914,"date":"2024-12-10T22:35:36","date_gmt":"2024-12-10T21:35:36","guid":{"rendered":"https:\/\/pspnatolin.edu.pl\/?page_id=53914"},"modified":"2025-08-20T22:28:32","modified_gmt":"2025-08-20T20:28:32","slug":"biblioteka25","status":"publish","type":"page","link":"https:\/\/pspnatolin.edu.pl\/?page_id=53914","title":{"rendered":"Biblioteka25"},"content":{"rendered":"\t\t<div data-elementor-type=\"wp-page\" data-elementor-id=\"53914\" class=\"elementor elementor-53914\" data-elementor-post-type=\"page\">\n\t\t\t\t\t\t<section class=\"elementor-section elementor-top-section elementor-element elementor-element-36fcf4c5 elementor-section-content-middle elementor-section-boxed elementor-section-height-default elementor-section-height-default\" data-id=\"36fcf4c5\" data-element_type=\"section\" data-e-type=\"section\">\n\t\t\t\t\t\t<div class=\"elementor-container elementor-column-gap-default\">\n\t\t\t\t\t<div class=\"elementor-column elementor-col-33 elementor-top-column elementor-element elementor-element-f6ff9a\" data-id=\"f6ff9a\" data-element_type=\"column\" data-e-type=\"column\">\n\t\t\t<div class=\"elementor-widget-wrap elementor-element-populated\">\n\t\t\t\t\t\t<div class=\"elementor-element elementor-element-1356087c elementor-widget elementor-widget-image\" data-id=\"1356087c\" data-element_type=\"widget\" data-e-type=\"widget\" data-widget_type=\"image.default\">\n\t\t\t\t<div class=\"elementor-widget-container\">\n\t\t\t\t\t\t\t\t\t\t\t\t\t\t\t\t<a href=\"https:\/\/pspnatolin.edu.pl\/\">\n\t\t\t\t\t\t\t<img decoding=\"async\" width=\"300\" height=\"133\" src=\"https:\/\/pspnatolin.edu.pl\/wp-content\/uploads\/2024\/01\/logo-plus-orzel-300x133.png\" class=\"attachment-medium size-medium wp-image-50643\" alt=\"\" srcset=\"https:\/\/pspnatolin.edu.pl\/wp-content\/uploads\/2024\/01\/logo-plus-orzel-300x133.png 300w, https:\/\/pspnatolin.edu.pl\/wp-content\/uploads\/2024\/01\/logo-plus-orzel.png 451w\" sizes=\"(max-width: 300px) 100vw, 300px\" \/>\t\t\t\t\t\t\t\t<\/a>\n\t\t\t\t\t\t\t\t\t\t\t\t\t\t\t<\/div>\n\t\t\t\t<\/div>\n\t\t\t\t\t<\/div>\n\t\t<\/div>\n\t\t\t\t<div class=\"elementor-column elementor-col-66 elementor-top-column elementor-element elementor-element-3795ce34\" data-id=\"3795ce34\" data-element_type=\"column\" data-e-type=\"column\">\n\t\t\t<div class=\"elementor-widget-wrap elementor-element-populated\">\n\t\t\t\t\t\t<div class=\"elementor-element elementor-element-12806829 elementor-widget elementor-widget-heading\" data-id=\"12806829\" data-element_type=\"widget\" data-e-type=\"widget\" data-widget_type=\"heading.default\">\n\t\t\t\t<div class=\"elementor-widget-container\">\n\t\t\t\t\t<h3 class=\"elementor-heading-title elementor-size-default\"><a href=\"https:\/\/pspnatolin.edu.pl\/\">Publiczna Szko\u0142a Podstawowa im. Kornela Makuszy\u0144skiego w Natolinie<\/a><\/h3>\t\t\t\t<\/div>\n\t\t\t\t<\/div>\n\t\t\t\t\t<\/div>\n\t\t<\/div>\n\t\t\t\t\t<\/div>\n\t\t<\/section>\n\t\t\t\t<section class=\"elementor-section elementor-top-section elementor-element elementor-element-4df74eed elementor-section-boxed elementor-section-height-default elementor-section-height-default\" data-id=\"4df74eed\" data-element_type=\"section\" data-e-type=\"section\">\n\t\t\t\t\t\t<div class=\"elementor-container elementor-column-gap-default\">\n\t\t\t\t\t<div class=\"elementor-column elementor-col-100 elementor-top-column elementor-element elementor-element-19d2eb1\" data-id=\"19d2eb1\" data-element_type=\"column\" data-e-type=\"column\">\n\t\t\t<div class=\"elementor-widget-wrap elementor-element-populated\">\n\t\t\t\t\t\t<div class=\"elementor-element elementor-element-d6b51c0 elementor-widget-divider--view-line elementor-widget elementor-widget-divider\" data-id=\"d6b51c0\" data-element_type=\"widget\" data-e-type=\"widget\" data-widget_type=\"divider.default\">\n\t\t\t\t<div class=\"elementor-widget-container\">\n\t\t\t\t\t\t\t<div class=\"elementor-divider\">\n\t\t\t<span class=\"elementor-divider-separator\">\n\t\t\t\t\t\t<\/span>\n\t\t<\/div>\n\t\t\t\t\t\t<\/div>\n\t\t\t\t<\/div>\n\t\t\t\t\t<\/div>\n\t\t<\/div>\n\t\t\t\t\t<\/div>\n\t\t<\/section>\n\t\t\t\t<section class=\"elementor-section elementor-top-section elementor-element elementor-element-63d2a67b elementor-section-boxed elementor-section-height-default elementor-section-height-default\" data-id=\"63d2a67b\" data-element_type=\"section\" data-e-type=\"section\" data-settings=\"{&quot;background_background&quot;:&quot;classic&quot;}\">\n\t\t\t\t\t\t<div class=\"elementor-container elementor-column-gap-default\">\n\t\t\t\t\t<div class=\"elementor-column elementor-col-100 elementor-top-column elementor-element elementor-element-3828476\" data-id=\"3828476\" data-element_type=\"column\" data-e-type=\"column\">\n\t\t\t<div class=\"elementor-widget-wrap elementor-element-populated\">\n\t\t\t\t\t\t<div class=\"elementor-element elementor-element-b292473 elementor-widget elementor-widget-heading\" data-id=\"b292473\" data-element_type=\"widget\" data-e-type=\"widget\" data-widget_type=\"heading.default\">\n\t\t\t\t<div class=\"elementor-widget-container\">\n\t\t\t\t\t<h3 class=\"elementor-heading-title elementor-size-default\">Zapraszamy wszystkich uczni\u00f3w i rodzic\u00f3w do odwiedzenia naszej szkolnej biblioteki. \n\n\n<\/h3>\t\t\t\t<\/div>\n\t\t\t\t<\/div>\n\t\t\t\t<div class=\"elementor-element elementor-element-633e3944 elementor-widget elementor-widget-heading\" data-id=\"633e3944\" data-element_type=\"widget\" data-e-type=\"widget\" data-widget_type=\"heading.default\">\n\t\t\t\t<div class=\"elementor-widget-container\">\n\t\t\t\t\t<h3 class=\"elementor-heading-title elementor-size-default\">Tutaj ka\u017cdy znajdzie co\u015b dla siebie!<\/h3>\t\t\t\t<\/div>\n\t\t\t\t<\/div>\n\t\t\t\t\t<\/div>\n\t\t<\/div>\n\t\t\t\t\t<\/div>\n\t\t<\/section>\n\t\t\t\t<section class=\"elementor-section elementor-top-section elementor-element elementor-element-5abbfc43 elementor-section-boxed elementor-section-height-default elementor-section-height-default\" data-id=\"5abbfc43\" data-element_type=\"section\" data-e-type=\"section\">\n\t\t\t\t\t\t<div class=\"elementor-container elementor-column-gap-default\">\n\t\t\t\t\t<div class=\"elementor-column elementor-col-100 elementor-top-column elementor-element elementor-element-74894367\" data-id=\"74894367\" data-element_type=\"column\" data-e-type=\"column\">\n\t\t\t<div class=\"elementor-widget-wrap elementor-element-populated\">\n\t\t\t\t\t\t<div class=\"elementor-element elementor-element-3604eea4 elementor-widget-divider--view-line elementor-widget elementor-widget-divider\" data-id=\"3604eea4\" data-element_type=\"widget\" data-e-type=\"widget\" data-widget_type=\"divider.default\">\n\t\t\t\t<div class=\"elementor-widget-container\">\n\t\t\t\t\t\t\t<div class=\"elementor-divider\">\n\t\t\t<span class=\"elementor-divider-separator\">\n\t\t\t\t\t\t<\/span>\n\t\t<\/div>\n\t\t\t\t\t\t<\/div>\n\t\t\t\t<\/div>\n\t\t\t\t\t<\/div>\n\t\t<\/div>\n\t\t\t\t\t<\/div>\n\t\t<\/section>\n\t\t\t\t<section class=\"elementor-section elementor-top-section elementor-element elementor-element-42585034 elementor-section-boxed elementor-section-height-default elementor-section-height-default\" data-id=\"42585034\" data-element_type=\"section\" data-e-type=\"section\">\n\t\t\t\t\t\t<div class=\"elementor-container elementor-column-gap-default\">\n\t\t\t\t\t<div class=\"elementor-column elementor-col-100 elementor-top-column elementor-element elementor-element-32c24b05\" data-id=\"32c24b05\" data-element_type=\"column\" data-e-type=\"column\">\n\t\t\t<div class=\"elementor-widget-wrap elementor-element-populated\">\n\t\t\t\t\t\t<div class=\"elementor-element elementor-element-5397a67 elementor-widget elementor-widget-text-editor\" data-id=\"5397a67\" data-element_type=\"widget\" data-e-type=\"widget\" data-widget_type=\"text-editor.default\">\n\t\t\t\t<div class=\"elementor-widget-container\">\n\t\t\t\t\t\t\t\t\t<p>Biblioteka Publicznej Szko\u0142y Podstawowej w Natolinie jest miejscem, gdzie nauka spotyka si\u0119 z pasj\u0105. To nie tylko rega\u0142y pe\u0142ne ksi\u0105\u017cek, ale tak\u017ce przestrze\u0144, w kt\u00f3rej mo\u017cna znale\u017a\u0107 chwil\u0119 spokoju, poczyta\u0107 ulubion\u0105 powie\u015b\u0107 czy odkry\u0107 nowe zainteresowania. W naszej bibliotece panuje mi\u0142a atmosfera, dzi\u0119ki kt\u00f3rej ka\u017cdy czuje si\u0119 swobodnie i zawsze jest mile widziany. Bibliotekarze z ch\u0119ci\u0105 proponuj\u0105 ciekawe tytu\u0142y na wolny czas i s\u0142u\u017c\u0105 pomoc\u0105 w wyborze ksi\u0105\u017cek odpowiednich do wieku i zainteresowa\u0144 czytelnik\u00f3w.<\/p><p>Biblioteka sk\u0142ada si\u0119 z\u00a0wypo\u017cyczalni, czytelni i\u00a0posiada zaplecze multimedialne z dost\u0119pem do siedmiu stanowisk komputerowych. Czytelnia zapewnia opiek\u0119 uczniom oczekuj\u0105cym na zaj\u0119cia lekcyjne. Uczniowie maj\u0105 mo\u017cliwo\u015b\u0107 korzystania z bogatego ksi\u0119gozbioru podr\u0119cznego. Pracujemy w oparciu o program e-Biblioteka, wypo\u017cyczanie odbywa si\u0119 drog\u0105 elektroniczn\u0105. Ksi\u0119gozbi\u00f3r liczy 4383 woluminy i ponad 2500 podr\u0119cznik\u00f3w.<\/p><p>Corocznie organizowane wydarzenia czytelnicze: spotkania autorskie, pasowanie na czytelnika, Dzie\u0144 G\u0142o\u015bnego Czytania czy akcja \u201eStarsi czytaj\u0105, m\u0142odsi s\u0142uchaj\u0105\u201d staj\u0105 si\u0119 okazj\u0105 do integracji i rozwijania pasji, a tak\u017ce zapisa\u0142y si\u0119 na sta\u0142e w terminarzu imprez szkolnych.<\/p>\t\t\t\t\t\t\t\t<\/div>\n\t\t\t\t<\/div>\n\t\t\t\t\t<\/div>\n\t\t<\/div>\n\t\t\t\t\t<\/div>\n\t\t<\/section>\n\t\t\t\t<section class=\"elementor-section elementor-top-section elementor-element elementor-element-4dcd31eb elementor-section-boxed elementor-section-height-default elementor-section-height-default\" data-id=\"4dcd31eb\" data-element_type=\"section\" data-e-type=\"section\">\n\t\t\t\t\t\t<div class=\"elementor-container elementor-column-gap-default\">\n\t\t\t\t\t<div class=\"elementor-column elementor-col-100 elementor-top-column elementor-element elementor-element-375e33b5\" data-id=\"375e33b5\" data-element_type=\"column\" data-e-type=\"column\">\n\t\t\t<div class=\"elementor-widget-wrap elementor-element-populated\">\n\t\t\t\t\t\t<div class=\"elementor-element elementor-element-6c3a522 elementor-widget elementor-widget-text-editor\" data-id=\"6c3a522\" data-element_type=\"widget\" data-e-type=\"widget\" data-widget_type=\"text-editor.default\">\n\t\t\t\t<div class=\"elementor-widget-container\">\n\t\t\t\t\t\t\t\t\t<p style=\"text-align: center;\"><strong>Pani Ma\u0142gorzata Rochowska zaprasza do biblioteki<\/strong><\/p>\t\t\t\t\t\t\t\t<\/div>\n\t\t\t\t<\/div>\n\t\t\t\t\t<\/div>\n\t\t<\/div>\n\t\t\t\t\t<\/div>\n\t\t<\/section>\n\t\t\t\t<section class=\"elementor-section elementor-top-section elementor-element elementor-element-7818edfd elementor-section-boxed elementor-section-height-default elementor-section-height-default\" data-id=\"7818edfd\" data-element_type=\"section\" data-e-type=\"section\">\n\t\t\t\t\t\t<div class=\"elementor-container elementor-column-gap-default\">\n\t\t\t\t\t<div class=\"elementor-column elementor-col-100 elementor-top-column elementor-element elementor-element-53fe04f5\" data-id=\"53fe04f5\" data-element_type=\"column\" data-e-type=\"column\">\n\t\t\t<div class=\"elementor-widget-wrap\">\n\t\t\t\t\t\t\t<\/div>\n\t\t<\/div>\n\t\t\t\t\t<\/div>\n\t\t<\/section>\n\t\t\t\t<section class=\"elementor-section elementor-top-section elementor-element elementor-element-c4ae384 elementor-section-boxed elementor-section-height-default elementor-section-height-default\" data-id=\"c4ae384\" data-element_type=\"section\" data-e-type=\"section\">\n\t\t\t\t\t\t<div class=\"elementor-container elementor-column-gap-default\">\n\t\t\t\t\t<div class=\"elementor-column elementor-col-100 elementor-top-column elementor-element elementor-element-35c06864\" data-id=\"35c06864\" data-element_type=\"column\" data-e-type=\"column\">\n\t\t\t<div class=\"elementor-widget-wrap elementor-element-populated\">\n\t\t\t\t\t\t<div class=\"elementor-element elementor-element-cc31d28 elementor-widget-divider--view-line elementor-widget elementor-widget-divider\" data-id=\"cc31d28\" data-element_type=\"widget\" data-e-type=\"widget\" data-widget_type=\"divider.default\">\n\t\t\t\t<div class=\"elementor-widget-container\">\n\t\t\t\t\t\t\t<div class=\"elementor-divider\">\n\t\t\t<span class=\"elementor-divider-separator\">\n\t\t\t\t\t\t<\/span>\n\t\t<\/div>\n\t\t\t\t\t\t<\/div>\n\t\t\t\t<\/div>\n\t\t\t\t\t<\/div>\n\t\t<\/div>\n\t\t\t\t\t<\/div>\n\t\t<\/section>\n\t\t\t\t<section class=\"elementor-section elementor-top-section elementor-element elementor-element-51319469 elementor-section-boxed elementor-section-height-default elementor-section-height-default\" data-id=\"51319469\" data-element_type=\"section\" data-e-type=\"section\">\n\t\t\t\t\t\t<div class=\"elementor-container elementor-column-gap-default\">\n\t\t\t\t\t<div class=\"elementor-column elementor-col-33 elementor-top-column elementor-element elementor-element-7523437b\" data-id=\"7523437b\" data-element_type=\"column\" data-e-type=\"column\">\n\t\t\t<div class=\"elementor-widget-wrap elementor-element-populated\">\n\t\t\t\t\t\t<div class=\"elementor-element elementor-element-7834ea3d elementor-widget elementor-widget-image\" data-id=\"7834ea3d\" data-element_type=\"widget\" data-e-type=\"widget\" data-widget_type=\"image.default\">\n\t\t\t\t<div class=\"elementor-widget-container\">\n\t\t\t\t\t\t\t\t\t\t\t\t\t\t\t<img decoding=\"async\" width=\"200\" height=\"200\" src=\"https:\/\/pspnatolin.edu.pl\/wp-content\/uploads\/2024\/12\/log_koz001_mini.jpg\" class=\"attachment-large size-large wp-image-53698\" alt=\"\" srcset=\"https:\/\/pspnatolin.edu.pl\/wp-content\/uploads\/2024\/12\/log_koz001_mini.jpg 200w, https:\/\/pspnatolin.edu.pl\/wp-content\/uploads\/2024\/12\/log_koz001_mini-150x150.jpg 150w\" sizes=\"(max-width: 200px) 100vw, 200px\" \/>\t\t\t\t\t\t\t\t\t\t\t\t\t\t\t<\/div>\n\t\t\t\t<\/div>\n\t\t\t\t\t<\/div>\n\t\t<\/div>\n\t\t\t\t<div class=\"elementor-column elementor-col-66 elementor-top-column elementor-element elementor-element-3b3f8f51\" data-id=\"3b3f8f51\" data-element_type=\"column\" data-e-type=\"column\">\n\t\t\t<div class=\"elementor-widget-wrap elementor-element-populated\">\n\t\t\t\t\t\t<div class=\"elementor-element elementor-element-580998c7 elementor-widget elementor-widget-heading\" data-id=\"580998c7\" data-element_type=\"widget\" data-e-type=\"widget\" data-widget_type=\"heading.default\">\n\t\t\t\t<div class=\"elementor-widget-container\">\n\t\t\t\t\t<h4 class=\"elementor-heading-title elementor-size-default\"><a href=\"https:\/\/pspnatolin.edu.pl\/\">Publiczna Szko\u0142a Podstawowa im. Kornela Makuszy\u0144skiego w Natolinie<\/a><\/h4>\t\t\t\t<\/div>\n\t\t\t\t<\/div>\n\t\t\t\t<div class=\"elementor-element elementor-element-564724ad elementor-widget elementor-widget-text-editor\" data-id=\"564724ad\" data-element_type=\"widget\" data-e-type=\"widget\" data-widget_type=\"text-editor.default\">\n\t\t\t\t<div class=\"elementor-widget-container\">\n\t\t\t\t\t\t\t\t\t<p style=\"text-align: center;\"><em>Ta strona jest dost\u0119pna na licencji Creative Commons Uznanie autorstwa \u2013 Na tych samych warunkach 4.0 Mi\u0119dzynarodowe<\/em><\/p>\t\t\t\t\t\t\t\t<\/div>\n\t\t\t\t<\/div>\n\t\t\t\t\t<\/div>\n\t\t<\/div>\n\t\t\t\t\t<\/div>\n\t\t<\/section>\n\t\t\t\t<\/div>\n\t\t","protected":false},"excerpt":{"rendered":"<p>Publiczna Szko\u0142a Podstawowa im. Kornela Makuszy\u0144skiego w Natolinie Zapraszamy wszystkich uczni\u00f3w i rodzic\u00f3w do odwiedzenia naszej szkolnej biblioteki. Tutaj ka\u017cdy znajdzie co\u015b dla siebie! Biblioteka Publicznej Szko\u0142y Podstawowej w Natolinie jest miejscem, gdzie nauka spotyka si\u0119 z pasj\u0105. To nie tylko rega\u0142y pe\u0142ne ksi\u0105\u017cek, ale tak\u017ce przestrze\u0144, w kt\u00f3rej mo\u017cna znale\u017a\u0107 chwil\u0119 spokoju, poczyta\u0107 ulubion\u0105 [&hellip;]<\/p>\n","protected":false},"author":17,"featured_media":53913,"parent":0,"menu_order":0,"comment_status":"closed","ping_status":"closed","template":"elementor_canvas","meta":{"footnotes":""},"class_list":["post-53914","page","type-page","status-publish","has-post-thumbnail","hentry"],"_links":{"self":[{"href":"https:\/\/pspnatolin.edu.pl\/index.php?rest_route=\/wp\/v2\/pages\/53914","targetHints":{"allow":["GET"]}}],"collection":[{"href":"https:\/\/pspnatolin.edu.pl\/index.php?rest_route=\/wp\/v2\/pages"}],"about":[{"href":"https:\/\/pspnatolin.edu.pl\/index.php?rest_route=\/wp\/v2\/types\/page"}],"author":[{"embeddable":true,"href":"https:\/\/pspnatolin.edu.pl\/index.php?rest_route=\/wp\/v2\/users\/17"}],"replies":[{"embeddable":true,"href":"https:\/\/pspnatolin.edu.pl\/index.php?rest_route=%2Fwp%2Fv2%2Fcomments&post=53914"}],"version-history":[{"count":15,"href":"https:\/\/pspnatolin.edu.pl\/index.php?rest_route=\/wp\/v2\/pages\/53914\/revisions"}],"predecessor-version":[{"id":54355,"href":"https:\/\/pspnatolin.edu.pl\/index.php?rest_route=\/wp\/v2\/pages\/53914\/revisions\/54355"}],"wp:featuredmedia":[{"embeddable":true,"href":"https:\/\/pspnatolin.edu.pl\/index.php?rest_route=\/wp\/v2\/media\/53913"}],"wp:attachment":[{"href":"https:\/\/pspnatolin.edu.pl\/index.php?rest_route=%2Fwp%2Fv2%2Fmedia&parent=53914"}],"curies":[{"name":"wp","href":"https:\/\/api.w.org\/{rel}","templated":true}]}}