{"id":53508,"date":"2024-10-06T21:39:54","date_gmt":"2024-10-06T19:39:54","guid":{"rendered":"https:\/\/pspnatolin.edu.pl\/?page_id=53508"},"modified":"2024-12-06T13:24:33","modified_gmt":"2024-12-06T12:24:33","slug":"aktualnosci-2024-2025","status":"publish","type":"page","link":"https:\/\/pspnatolin.edu.pl\/?page_id=53508","title":{"rendered":"SKO_25"},"content":{"rendered":"\t\t<div data-elementor-type=\"wp-page\" data-elementor-id=\"53508\" class=\"elementor elementor-53508\" data-elementor-post-type=\"page\">\n\t\t\t\t\t\t<section class=\"elementor-section elementor-top-section elementor-element elementor-element-23d5408 elementor-section-content-middle elementor-section-boxed elementor-section-height-default elementor-section-height-default\" data-id=\"23d5408\" data-element_type=\"section\" data-e-type=\"section\">\n\t\t\t\t\t\t<div class=\"elementor-container elementor-column-gap-default\">\n\t\t\t\t\t<div class=\"elementor-column elementor-col-33 elementor-top-column elementor-element elementor-element-b9437c9\" data-id=\"b9437c9\" data-element_type=\"column\" data-e-type=\"column\">\n\t\t\t<div class=\"elementor-widget-wrap elementor-element-populated\">\n\t\t\t\t\t\t<div class=\"elementor-element elementor-element-4d18b8f elementor-widget elementor-widget-image\" data-id=\"4d18b8f\" data-element_type=\"widget\" data-e-type=\"widget\" data-widget_type=\"image.default\">\n\t\t\t\t<div class=\"elementor-widget-container\">\n\t\t\t\t\t\t\t\t\t\t\t\t\t\t\t\t<a href=\"https:\/\/pspnatolin.edu.pl\/\">\n\t\t\t\t\t\t\t<img decoding=\"async\" width=\"300\" height=\"133\" src=\"https:\/\/pspnatolin.edu.pl\/wp-content\/uploads\/2024\/01\/logo-plus-orzel-300x133.png\" class=\"attachment-medium size-medium wp-image-50643\" alt=\"\" srcset=\"https:\/\/pspnatolin.edu.pl\/wp-content\/uploads\/2024\/01\/logo-plus-orzel-300x133.png 300w, https:\/\/pspnatolin.edu.pl\/wp-content\/uploads\/2024\/01\/logo-plus-orzel.png 451w\" sizes=\"(max-width: 300px) 100vw, 300px\" \/>\t\t\t\t\t\t\t\t<\/a>\n\t\t\t\t\t\t\t\t\t\t\t\t\t\t\t<\/div>\n\t\t\t\t<\/div>\n\t\t\t\t\t<\/div>\n\t\t<\/div>\n\t\t\t\t<div class=\"elementor-column elementor-col-66 elementor-top-column elementor-element elementor-element-df1ab6d\" data-id=\"df1ab6d\" data-element_type=\"column\" data-e-type=\"column\">\n\t\t\t<div class=\"elementor-widget-wrap elementor-element-populated\">\n\t\t\t\t\t\t<div class=\"elementor-element elementor-element-41f862e elementor-widget elementor-widget-heading\" data-id=\"41f862e\" data-element_type=\"widget\" data-e-type=\"widget\" data-widget_type=\"heading.default\">\n\t\t\t\t<div class=\"elementor-widget-container\">\n\t\t\t\t\t<h3 class=\"elementor-heading-title elementor-size-default\"><a href=\"https:\/\/pspnatolin.edu.pl\/\">Publiczna Szko\u0142a Podstawowa im. Kornela Makuszy\u0144skiego w Natolinie<\/a><\/h3>\t\t\t\t<\/div>\n\t\t\t\t<\/div>\n\t\t\t\t\t<\/div>\n\t\t<\/div>\n\t\t\t\t\t<\/div>\n\t\t<\/section>\n\t\t\t\t<section class=\"elementor-section elementor-top-section elementor-element elementor-element-a2a8fba elementor-section-boxed elementor-section-height-default elementor-section-height-default\" data-id=\"a2a8fba\" data-element_type=\"section\" data-e-type=\"section\">\n\t\t\t\t\t\t<div class=\"elementor-container elementor-column-gap-default\">\n\t\t\t\t\t<div class=\"elementor-column elementor-col-100 elementor-top-column elementor-element elementor-element-2c5749e\" data-id=\"2c5749e\" data-element_type=\"column\" data-e-type=\"column\">\n\t\t\t<div class=\"elementor-widget-wrap elementor-element-populated\">\n\t\t\t\t\t\t<div class=\"elementor-element elementor-element-6495823 elementor-widget-divider--view-line elementor-widget elementor-widget-divider\" data-id=\"6495823\" data-element_type=\"widget\" data-e-type=\"widget\" data-widget_type=\"divider.default\">\n\t\t\t\t<div class=\"elementor-widget-container\">\n\t\t\t\t\t\t\t<div class=\"elementor-divider\">\n\t\t\t<span class=\"elementor-divider-separator\">\n\t\t\t\t\t\t<\/span>\n\t\t<\/div>\n\t\t\t\t\t\t<\/div>\n\t\t\t\t<\/div>\n\t\t\t\t\t<\/div>\n\t\t<\/div>\n\t\t\t\t\t<\/div>\n\t\t<\/section>\n\t\t\t\t<section class=\"elementor-section elementor-top-section elementor-element elementor-element-36951b1 elementor-section-boxed elementor-section-height-default elementor-section-height-default\" data-id=\"36951b1\" data-element_type=\"section\" data-e-type=\"section\">\n\t\t\t\t\t\t<div class=\"elementor-container elementor-column-gap-default\">\n\t\t\t\t\t<div class=\"elementor-column elementor-col-100 elementor-top-column elementor-element elementor-element-a57d4fb\" data-id=\"a57d4fb\" data-element_type=\"column\" data-e-type=\"column\">\n\t\t\t<div class=\"elementor-widget-wrap elementor-element-populated\">\n\t\t\t\t\t\t<div class=\"elementor-element elementor-element-35af75b elementor-widget elementor-widget-heading\" data-id=\"35af75b\" data-element_type=\"widget\" data-e-type=\"widget\" data-widget_type=\"heading.default\">\n\t\t\t\t<div class=\"elementor-widget-container\">\n\t\t\t\t\t<h2 class=\"elementor-heading-title elementor-size-default\">Szkolne Ko\u0142o SKO<\/h2>\t\t\t\t<\/div>\n\t\t\t\t<\/div>\n\t\t\t\t\t<\/div>\n\t\t<\/div>\n\t\t\t\t\t<\/div>\n\t\t<\/section>\n\t\t\t\t<section class=\"elementor-section elementor-top-section elementor-element elementor-element-bec04fd elementor-section-boxed elementor-section-height-default elementor-section-height-default\" data-id=\"bec04fd\" data-element_type=\"section\" data-e-type=\"section\">\n\t\t\t\t\t\t<div class=\"elementor-container elementor-column-gap-default\">\n\t\t\t\t\t<div class=\"elementor-column elementor-col-100 elementor-top-column elementor-element elementor-element-0d1051a\" data-id=\"0d1051a\" data-element_type=\"column\" data-e-type=\"column\">\n\t\t\t<div class=\"elementor-widget-wrap elementor-element-populated\">\n\t\t\t\t\t\t<div class=\"elementor-element elementor-element-ec600ab elementor-widget-divider--view-line elementor-widget elementor-widget-divider\" data-id=\"ec600ab\" data-element_type=\"widget\" data-e-type=\"widget\" data-widget_type=\"divider.default\">\n\t\t\t\t<div class=\"elementor-widget-container\">\n\t\t\t\t\t\t\t<div class=\"elementor-divider\">\n\t\t\t<span class=\"elementor-divider-separator\">\n\t\t\t\t\t\t<\/span>\n\t\t<\/div>\n\t\t\t\t\t\t<\/div>\n\t\t\t\t<\/div>\n\t\t\t\t\t<\/div>\n\t\t<\/div>\n\t\t\t\t\t<\/div>\n\t\t<\/section>\n\t\t\t\t<section class=\"elementor-section elementor-top-section elementor-element elementor-element-7462a82a elementor-section-boxed elementor-section-height-default elementor-section-height-default\" data-id=\"7462a82a\" data-element_type=\"section\" data-e-type=\"section\">\n\t\t\t\t\t\t<div class=\"elementor-container elementor-column-gap-default\">\n\t\t\t\t\t<div class=\"elementor-column elementor-col-100 elementor-top-column elementor-element elementor-element-62c41258\" data-id=\"62c41258\" data-element_type=\"column\" data-e-type=\"column\">\n\t\t\t<div class=\"elementor-widget-wrap elementor-element-populated\">\n\t\t\t\t\t\t<div class=\"elementor-element elementor-element-c33cd52 elementor-widget elementor-widget-text-editor\" data-id=\"c33cd52\" data-element_type=\"widget\" data-e-type=\"widget\" data-widget_type=\"text-editor.default\">\n\t\t\t\t<div class=\"elementor-widget-container\">\n\t\t\t\t\t\t\t\t\t<p><strong>Szkolna Kasa Oszcz\u0119dno\u015bci dzia\u0142a w naszej szkole od 15 lutego 2013 roku.<\/strong><strong><br \/><\/strong><em>Nale\u017c\u0105 do niej uczniowie od 5 do 13 roku \u017cycia. <\/em><em>Aktywnie uczestniczymy w programie edukacyjnym dla Szkolnych Kas Oszcz\u0119dno\u015bci, <\/em><em>kt\u00f3rego celem jest propagowanie systematycznego oszcz\u0119dzania, przedsi\u0119biorczo\u015bci, <\/em><em>zapoznanie uczni\u00f3w z elementami bankowo\u015bci i umiej\u0119tno\u015bci\u0105 zarz\u0105dzania osobistymi finansami.<\/em><br \/><em>Dla wszystkich cz\u0142onk\u00f3w SKO dost\u0119pny jest internetowy serwis.<\/em><\/p>\t\t\t\t\t\t\t\t<\/div>\n\t\t\t\t<\/div>\n\t\t\t\t\t<\/div>\n\t\t<\/div>\n\t\t\t\t\t<\/div>\n\t\t<\/section>\n\t\t\t\t<section class=\"elementor-section elementor-top-section elementor-element elementor-element-d1c25b4 elementor-section-boxed elementor-section-height-default elementor-section-height-default\" data-id=\"d1c25b4\" data-element_type=\"section\" data-e-type=\"section\">\n\t\t\t\t\t\t<div class=\"elementor-container elementor-column-gap-default\">\n\t\t\t\t\t<div class=\"elementor-column elementor-col-100 elementor-top-column elementor-element elementor-element-7520562\" data-id=\"7520562\" data-element_type=\"column\" data-e-type=\"column\">\n\t\t\t<div class=\"elementor-widget-wrap elementor-element-populated\">\n\t\t\t\t\t\t<div class=\"elementor-element elementor-element-79f25fb elementor-widget elementor-widget-text-editor\" data-id=\"79f25fb\" data-element_type=\"widget\" data-e-type=\"widget\" data-widget_type=\"text-editor.default\">\n\t\t\t\t<div class=\"elementor-widget-container\">\n\t\t\t\t\t\t\t\t\t<p><em>W serwisie SKO dziecko uczy si\u0119 korzystania z bankowo\u015bci internetowej pod opiek\u0105 doros\u0142ych.<\/em><em><br \/><strong>16 listopada 2016 roku za\u0142o\u017cyli\u015bmy <a href=\"https:\/\/www.szkolneblogi.pl\/blogi\/psp-natolin\/\">szkolnego bloga<\/a>.\u00a0<\/strong><\/em><\/p>\t\t\t\t\t\t\t\t<\/div>\n\t\t\t\t<\/div>\n\t\t\t\t\t<\/div>\n\t\t<\/div>\n\t\t\t\t\t<\/div>\n\t\t<\/section>\n\t\t\t\t<section class=\"elementor-section elementor-top-section elementor-element elementor-element-7c54283 elementor-section-boxed elementor-section-height-default elementor-section-height-default\" data-id=\"7c54283\" data-element_type=\"section\" data-e-type=\"section\">\n\t\t\t\t\t\t<div class=\"elementor-container elementor-column-gap-default\">\n\t\t\t\t\t<div class=\"elementor-column elementor-col-100 elementor-top-column elementor-element elementor-element-de89ff4\" data-id=\"de89ff4\" data-element_type=\"column\" data-e-type=\"column\">\n\t\t\t<div class=\"elementor-widget-wrap elementor-element-populated\">\n\t\t\t\t\t\t<div class=\"elementor-element elementor-element-6afa039 elementor-widget-divider--view-line elementor-widget elementor-widget-divider\" data-id=\"6afa039\" data-element_type=\"widget\" data-e-type=\"widget\" data-widget_type=\"divider.default\">\n\t\t\t\t<div class=\"elementor-widget-container\">\n\t\t\t\t\t\t\t<div class=\"elementor-divider\">\n\t\t\t<span class=\"elementor-divider-separator\">\n\t\t\t\t\t\t<\/span>\n\t\t<\/div>\n\t\t\t\t\t\t<\/div>\n\t\t\t\t<\/div>\n\t\t\t\t\t<\/div>\n\t\t<\/div>\n\t\t\t\t\t<\/div>\n\t\t<\/section>\n\t\t\t\t<section class=\"elementor-section elementor-top-section elementor-element elementor-element-653c1a79 elementor-section-boxed elementor-section-height-default elementor-section-height-default\" data-id=\"653c1a79\" data-element_type=\"section\" data-e-type=\"section\">\n\t\t\t\t\t\t<div class=\"elementor-container elementor-column-gap-default\">\n\t\t\t\t\t<div class=\"elementor-column elementor-col-100 elementor-top-column elementor-element elementor-element-3c093719\" data-id=\"3c093719\" data-element_type=\"column\" data-e-type=\"column\">\n\t\t\t<div class=\"elementor-widget-wrap elementor-element-populated\">\n\t\t\t\t\t\t<div class=\"elementor-element elementor-element-601548a elementor-widget elementor-widget-text-editor\" data-id=\"601548a\" data-element_type=\"widget\" data-e-type=\"widget\" data-widget_type=\"text-editor.default\">\n\t\t\t\t<div class=\"elementor-widget-container\">\n\t\t\t\t\t\t\t\t\t<p><em>Szkolna Kasa Oszcz\u0119dno\u015bci\u00a0 ma na swoim koncie liczne sukcesy:<\/em><em><br \/>\u2013\u00a0<strong>nagroda III stopnia\u00a0<\/strong>\u2013 w Etapie Regionalnym Konkursu dla Szkolnych Kas Oszcz\u0119dno\u015bci i Nauczycieli rok szkolny 2016\/17; 2018\/19; 2020\/21, 2022\/23, 2023\/24 ;<br \/>\u2013\u00a0<strong>nagroda II stopnia \u2013\u00a0<\/strong>w Etapie Regionalnym Konkursu dla Szkolnych Kas Oszcz\u0119dno\u015bci i Nauczycieli rok szkolny 2017\/18; 2019\/20 \u2013 po 2000 z\u0142; rok szkolny 2021\/2022 &#8211; 1000z\u0142;<br \/>\u2013\u00a0<strong>nagrody<\/strong> w Konkursie SKO Blog Miesi\u0105ca \u2013 grudzie\u0144 2017, stycze\u0144 2019, wrzesie\u0144 2019, wrzesie\u0144 2020, wrzesie\u0144 2022 \u2013 w postaci bon\u00f3w podarunkowych i e-kod\u00f3w na kwot\u0119 1000 z\u0142.<\/em><\/p>\t\t\t\t\t\t\t\t<\/div>\n\t\t\t\t<\/div>\n\t\t\t\t\t<\/div>\n\t\t<\/div>\n\t\t\t\t\t<\/div>\n\t\t<\/section>\n\t\t\t\t<section class=\"elementor-section elementor-top-section elementor-element elementor-element-36f2a6c8 elementor-section-boxed elementor-section-height-default elementor-section-height-default\" data-id=\"36f2a6c8\" data-element_type=\"section\" data-e-type=\"section\">\n\t\t\t\t\t\t<div class=\"elementor-container elementor-column-gap-default\">\n\t\t\t\t\t<div class=\"elementor-column elementor-col-100 elementor-top-column elementor-element elementor-element-5b8902d3\" data-id=\"5b8902d3\" data-element_type=\"column\" data-e-type=\"column\">\n\t\t\t<div class=\"elementor-widget-wrap elementor-element-populated\">\n\t\t\t\t\t\t<div class=\"elementor-element elementor-element-29ffe8dc elementor-widget-divider--view-line elementor-widget elementor-widget-divider\" data-id=\"29ffe8dc\" data-element_type=\"widget\" data-e-type=\"widget\" data-widget_type=\"divider.default\">\n\t\t\t\t<div class=\"elementor-widget-container\">\n\t\t\t\t\t\t\t<div class=\"elementor-divider\">\n\t\t\t<span class=\"elementor-divider-separator\">\n\t\t\t\t\t\t<\/span>\n\t\t<\/div>\n\t\t\t\t\t\t<\/div>\n\t\t\t\t<\/div>\n\t\t\t\t\t<\/div>\n\t\t<\/div>\n\t\t\t\t\t<\/div>\n\t\t<\/section>\n\t\t\t\t<section class=\"elementor-section elementor-top-section elementor-element elementor-element-43cda3d2 elementor-section-boxed elementor-section-height-default elementor-section-height-default\" data-id=\"43cda3d2\" data-element_type=\"section\" data-e-type=\"section\">\n\t\t\t\t\t\t<div class=\"elementor-container elementor-column-gap-default\">\n\t\t\t\t\t<div class=\"elementor-column elementor-col-100 elementor-top-column elementor-element elementor-element-779283a1\" data-id=\"779283a1\" data-element_type=\"column\" data-e-type=\"column\">\n\t\t\t<div class=\"elementor-widget-wrap elementor-element-populated\">\n\t\t\t\t\t\t<div class=\"elementor-element elementor-element-6e1fee2 elementor-widget elementor-widget-text-editor\" data-id=\"6e1fee2\" data-element_type=\"widget\" data-e-type=\"widget\" data-widget_type=\"text-editor.default\">\n\t\t\t\t<div class=\"elementor-widget-container\">\n\t\t\t\t\t\t\t\t\t<p style=\"text-align: center;\" align=\"center\"><strong><i>Opiekunkami SKO w naszej szkole s\u0105:<\/i><\/strong><\/p><p style=\"text-align: center;\" align=\"center\"><strong><i>pani Agnieszka Chrzanowska i pani Justyna Fliszkiewicz<\/i><\/strong><\/p>\t\t\t\t\t\t\t\t<\/div>\n\t\t\t\t<\/div>\n\t\t\t\t\t<\/div>\n\t\t<\/div>\n\t\t\t\t\t<\/div>\n\t\t<\/section>\n\t\t\t\t<section class=\"elementor-section elementor-top-section elementor-element elementor-element-7a4f77c4 elementor-section-boxed elementor-section-height-default elementor-section-height-default\" data-id=\"7a4f77c4\" data-element_type=\"section\" data-e-type=\"section\">\n\t\t\t\t\t\t<div class=\"elementor-container elementor-column-gap-default\">\n\t\t\t\t\t<div class=\"elementor-column elementor-col-100 elementor-top-column elementor-element elementor-element-94b760c\" data-id=\"94b760c\" data-element_type=\"column\" data-e-type=\"column\">\n\t\t\t<div class=\"elementor-widget-wrap elementor-element-populated\">\n\t\t\t\t\t\t<div class=\"elementor-element elementor-element-17fbe90 elementor-widget-divider--view-line elementor-widget elementor-widget-divider\" data-id=\"17fbe90\" data-element_type=\"widget\" data-e-type=\"widget\" data-widget_type=\"divider.default\">\n\t\t\t\t<div class=\"elementor-widget-container\">\n\t\t\t\t\t\t\t<div class=\"elementor-divider\">\n\t\t\t<span class=\"elementor-divider-separator\">\n\t\t\t\t\t\t<\/span>\n\t\t<\/div>\n\t\t\t\t\t\t<\/div>\n\t\t\t\t<\/div>\n\t\t\t\t\t<\/div>\n\t\t<\/div>\n\t\t\t\t\t<\/div>\n\t\t<\/section>\n\t\t\t\t<section class=\"elementor-section elementor-top-section elementor-element elementor-element-15a4a426 elementor-section-boxed elementor-section-height-default elementor-section-height-default\" data-id=\"15a4a426\" data-element_type=\"section\" data-e-type=\"section\">\n\t\t\t\t\t\t<div class=\"elementor-container elementor-column-gap-default\">\n\t\t\t\t\t<div class=\"elementor-column elementor-col-33 elementor-top-column elementor-element elementor-element-4dfe7dac\" data-id=\"4dfe7dac\" data-element_type=\"column\" data-e-type=\"column\">\n\t\t\t<div class=\"elementor-widget-wrap elementor-element-populated\">\n\t\t\t\t\t\t<div class=\"elementor-element elementor-element-1b65e0c1 elementor-widget elementor-widget-image\" data-id=\"1b65e0c1\" data-element_type=\"widget\" data-e-type=\"widget\" data-widget_type=\"image.default\">\n\t\t\t\t<div class=\"elementor-widget-container\">\n\t\t\t\t\t\t\t\t\t\t\t\t\t\t\t<img decoding=\"async\" width=\"200\" height=\"200\" src=\"https:\/\/pspnatolin.edu.pl\/wp-content\/uploads\/2024\/12\/log_koz001_mini.jpg\" class=\"attachment-large size-large wp-image-53698\" alt=\"\" srcset=\"https:\/\/pspnatolin.edu.pl\/wp-content\/uploads\/2024\/12\/log_koz001_mini.jpg 200w, https:\/\/pspnatolin.edu.pl\/wp-content\/uploads\/2024\/12\/log_koz001_mini-150x150.jpg 150w\" sizes=\"(max-width: 200px) 100vw, 200px\" \/>\t\t\t\t\t\t\t\t\t\t\t\t\t\t\t<\/div>\n\t\t\t\t<\/div>\n\t\t\t\t\t<\/div>\n\t\t<\/div>\n\t\t\t\t<div class=\"elementor-column elementor-col-66 elementor-top-column elementor-element elementor-element-2a610873\" data-id=\"2a610873\" data-element_type=\"column\" data-e-type=\"column\">\n\t\t\t<div class=\"elementor-widget-wrap elementor-element-populated\">\n\t\t\t\t\t\t<div class=\"elementor-element elementor-element-557eaa85 elementor-widget elementor-widget-heading\" data-id=\"557eaa85\" data-element_type=\"widget\" data-e-type=\"widget\" data-widget_type=\"heading.default\">\n\t\t\t\t<div class=\"elementor-widget-container\">\n\t\t\t\t\t<h4 class=\"elementor-heading-title elementor-size-default\"><a href=\"https:\/\/pspnatolin.edu.pl\/\">Publiczna Szko\u0142a Podstawowa im. Kornela Makuszy\u0144skiego w Natolinie<\/a><\/h4>\t\t\t\t<\/div>\n\t\t\t\t<\/div>\n\t\t\t\t<div class=\"elementor-element elementor-element-474d7aa3 elementor-widget elementor-widget-text-editor\" data-id=\"474d7aa3\" data-element_type=\"widget\" data-e-type=\"widget\" data-widget_type=\"text-editor.default\">\n\t\t\t\t<div class=\"elementor-widget-container\">\n\t\t\t\t\t\t\t\t\t<p style=\"text-align: center;\"><em>Ta strona jest dost\u0119pna na licencji Creative Commons Uznanie autorstwa \u2013 Na tych samych warunkach 4.0 Mi\u0119dzynarodowe<\/em><\/p>\t\t\t\t\t\t\t\t<\/div>\n\t\t\t\t<\/div>\n\t\t\t\t\t<\/div>\n\t\t<\/div>\n\t\t\t\t\t<\/div>\n\t\t<\/section>\n\t\t\t\t<\/div>\n\t\t","protected":false},"excerpt":{"rendered":"<p>Publiczna Szko\u0142a Podstawowa im. Kornela Makuszy\u0144skiego w Natolinie Szkolne Ko\u0142o SKO Szkolna Kasa Oszcz\u0119dno\u015bci dzia\u0142a w naszej szkole od 15 lutego 2013 roku.Nale\u017c\u0105 do niej uczniowie od 5 do 13 roku \u017cycia. Aktywnie uczestniczymy w programie edukacyjnym dla Szkolnych Kas Oszcz\u0119dno\u015bci, kt\u00f3rego celem jest propagowanie systematycznego oszcz\u0119dzania, przedsi\u0119biorczo\u015bci, zapoznanie uczni\u00f3w z elementami bankowo\u015bci i umiej\u0119tno\u015bci\u0105 [&hellip;]<\/p>\n","protected":false},"author":16,"featured_media":0,"parent":0,"menu_order":0,"comment_status":"closed","ping_status":"closed","template":"elementor_canvas","meta":{"footnotes":""},"class_list":["post-53508","page","type-page","status-publish","hentry"],"_links":{"self":[{"href":"https:\/\/pspnatolin.edu.pl\/index.php?rest_route=\/wp\/v2\/pages\/53508","targetHints":{"allow":["GET"]}}],"collection":[{"href":"https:\/\/pspnatolin.edu.pl\/index.php?rest_route=\/wp\/v2\/pages"}],"about":[{"href":"https:\/\/pspnatolin.edu.pl\/index.php?rest_route=\/wp\/v2\/types\/page"}],"author":[{"embeddable":true,"href":"https:\/\/pspnatolin.edu.pl\/index.php?rest_route=\/wp\/v2\/users\/16"}],"replies":[{"embeddable":true,"href":"https:\/\/pspnatolin.edu.pl\/index.php?rest_route=%2Fwp%2Fv2%2Fcomments&post=53508"}],"version-history":[{"count":26,"href":"https:\/\/pspnatolin.edu.pl\/index.php?rest_route=\/wp\/v2\/pages\/53508\/revisions"}],"predecessor-version":[{"id":53906,"href":"https:\/\/pspnatolin.edu.pl\/index.php?rest_route=\/wp\/v2\/pages\/53508\/revisions\/53906"}],"wp:attachment":[{"href":"https:\/\/pspnatolin.edu.pl\/index.php?rest_route=%2Fwp%2Fv2%2Fmedia&parent=53508"}],"curies":[{"name":"wp","href":"https:\/\/api.w.org\/{rel}","templated":true}]}}