{"id":53284,"date":"2024-08-22T20:47:27","date_gmt":"2024-08-22T18:47:27","guid":{"rendered":"https:\/\/pspnatolin.edu.pl\/?page_id=53284"},"modified":"2025-03-16T19:10:25","modified_gmt":"2025-03-16T18:10:25","slug":"dzialalnosc-pozalekcyjna","status":"publish","type":"page","link":"https:\/\/pspnatolin.edu.pl\/?page_id=53284","title":{"rendered":"Dzia\u0142alno\u015b\u0107 pozalekcyjna"},"content":{"rendered":"\t\t<div data-elementor-type=\"wp-page\" data-elementor-id=\"53284\" class=\"elementor elementor-53284\" data-elementor-post-type=\"page\">\n\t\t\t\t\t\t<section class=\"elementor-section elementor-top-section elementor-element elementor-element-a14bd43 elementor-section-content-middle elementor-section-boxed elementor-section-height-default elementor-section-height-default\" data-id=\"a14bd43\" data-element_type=\"section\" data-e-type=\"section\">\n\t\t\t\t\t\t<div class=\"elementor-container elementor-column-gap-default\">\n\t\t\t\t\t<div class=\"elementor-column elementor-col-33 elementor-top-column elementor-element elementor-element-9cde0b2\" data-id=\"9cde0b2\" data-element_type=\"column\" data-e-type=\"column\">\n\t\t\t<div class=\"elementor-widget-wrap elementor-element-populated\">\n\t\t\t\t\t\t<div class=\"elementor-element elementor-element-a9e31a3 elementor-widget elementor-widget-image\" data-id=\"a9e31a3\" data-element_type=\"widget\" data-e-type=\"widget\" data-widget_type=\"image.default\">\n\t\t\t\t<div class=\"elementor-widget-container\">\n\t\t\t\t\t\t\t\t\t\t\t\t\t\t\t\t<a href=\"https:\/\/pspnatolin.edu.pl\/\">\n\t\t\t\t\t\t\t<img fetchpriority=\"high\" decoding=\"async\" width=\"451\" height=\"200\" src=\"https:\/\/pspnatolin.edu.pl\/wp-content\/uploads\/2024\/01\/logo-plus-orzel.png\" class=\"attachment-large size-large wp-image-50643\" alt=\"\" srcset=\"https:\/\/pspnatolin.edu.pl\/wp-content\/uploads\/2024\/01\/logo-plus-orzel.png 451w, https:\/\/pspnatolin.edu.pl\/wp-content\/uploads\/2024\/01\/logo-plus-orzel-300x133.png 300w\" sizes=\"(max-width: 451px) 100vw, 451px\" \/>\t\t\t\t\t\t\t\t<\/a>\n\t\t\t\t\t\t\t\t\t\t\t\t\t\t\t<\/div>\n\t\t\t\t<\/div>\n\t\t\t\t\t<\/div>\n\t\t<\/div>\n\t\t\t\t<div class=\"elementor-column elementor-col-66 elementor-top-column elementor-element elementor-element-237fbeb\" data-id=\"237fbeb\" data-element_type=\"column\" data-e-type=\"column\">\n\t\t\t<div class=\"elementor-widget-wrap elementor-element-populated\">\n\t\t\t\t\t\t<div class=\"elementor-element elementor-element-1cfc879 elementor-widget elementor-widget-heading\" data-id=\"1cfc879\" data-element_type=\"widget\" data-e-type=\"widget\" data-widget_type=\"heading.default\">\n\t\t\t\t<div class=\"elementor-widget-container\">\n\t\t\t\t\t<h3 class=\"elementor-heading-title elementor-size-default\"><a href=\"https:\/\/pspnatolin.edu.pl\/\">Publiczna Szko\u0142a Podstawowa im. Kornela Makuszy\u0144skiego w Natolinie<\/a><\/h3>\t\t\t\t<\/div>\n\t\t\t\t<\/div>\n\t\t\t\t\t<\/div>\n\t\t<\/div>\n\t\t\t\t\t<\/div>\n\t\t<\/section>\n\t\t\t\t<section class=\"elementor-section elementor-top-section elementor-element elementor-element-79e23f7 elementor-section-boxed elementor-section-height-default elementor-section-height-default\" data-id=\"79e23f7\" data-element_type=\"section\" data-e-type=\"section\">\n\t\t\t\t\t\t<div class=\"elementor-container elementor-column-gap-default\">\n\t\t\t\t\t<div class=\"elementor-column elementor-col-100 elementor-top-column elementor-element elementor-element-75e2395\" data-id=\"75e2395\" data-element_type=\"column\" data-e-type=\"column\">\n\t\t\t<div class=\"elementor-widget-wrap elementor-element-populated\">\n\t\t\t\t\t\t<div class=\"elementor-element elementor-element-855f155 elementor-widget-divider--view-line elementor-widget elementor-widget-divider\" data-id=\"855f155\" data-element_type=\"widget\" data-e-type=\"widget\" data-widget_type=\"divider.default\">\n\t\t\t\t<div class=\"elementor-widget-container\">\n\t\t\t\t\t\t\t<div class=\"elementor-divider\">\n\t\t\t<span class=\"elementor-divider-separator\">\n\t\t\t\t\t\t<\/span>\n\t\t<\/div>\n\t\t\t\t\t\t<\/div>\n\t\t\t\t<\/div>\n\t\t\t\t\t<\/div>\n\t\t<\/div>\n\t\t\t\t\t<\/div>\n\t\t<\/section>\n\t\t\t\t<section class=\"elementor-section elementor-top-section elementor-element elementor-element-6fd02e66 elementor-section-boxed elementor-section-height-default elementor-section-height-default\" data-id=\"6fd02e66\" data-element_type=\"section\" data-e-type=\"section\">\n\t\t\t\t\t\t<div class=\"elementor-container elementor-column-gap-default\">\n\t\t\t\t\t<div class=\"elementor-column elementor-col-100 elementor-top-column elementor-element elementor-element-5f10debe\" data-id=\"5f10debe\" data-element_type=\"column\" data-e-type=\"column\">\n\t\t\t<div class=\"elementor-widget-wrap elementor-element-populated\">\n\t\t\t\t\t\t<section class=\"elementor-section elementor-inner-section elementor-element elementor-element-5214560a elementor-section-boxed elementor-section-height-default elementor-section-height-default\" data-id=\"5214560a\" data-element_type=\"section\" data-e-type=\"section\">\n\t\t\t\t\t\t<div class=\"elementor-container elementor-column-gap-default\">\n\t\t\t\t\t<div class=\"elementor-column elementor-col-33 elementor-inner-column elementor-element elementor-element-251418db\" data-id=\"251418db\" data-element_type=\"column\" data-e-type=\"column\">\n\t\t\t<div class=\"elementor-widget-wrap elementor-element-populated\">\n\t\t\t\t\t\t<div class=\"elementor-element elementor-element-39acf6a4 elementor-widget elementor-widget-image\" data-id=\"39acf6a4\" data-element_type=\"widget\" data-e-type=\"widget\" data-widget_type=\"image.default\">\n\t\t\t\t<div class=\"elementor-widget-container\">\n\t\t\t\t\t\t\t\t\t\t\t\t\t\t\t\t<a href=\"https:\/\/pspnatolin.edu.pl\/?page_id=53870\">\n\t\t\t\t\t\t\t<img decoding=\"async\" width=\"300\" height=\"300\" src=\"https:\/\/pspnatolin.edu.pl\/wp-content\/uploads\/2024\/08\/ikony-10-300x300.png\" class=\"attachment-medium size-medium wp-image-53340\" alt=\"\u015awietlica\" srcset=\"https:\/\/pspnatolin.edu.pl\/wp-content\/uploads\/2024\/08\/ikony-10-300x300.png 300w, https:\/\/pspnatolin.edu.pl\/wp-content\/uploads\/2024\/08\/ikony-10-150x150.png 150w, https:\/\/pspnatolin.edu.pl\/wp-content\/uploads\/2024\/08\/ikony-10.png 500w\" sizes=\"(max-width: 300px) 100vw, 300px\" \/>\t\t\t\t\t\t\t\t<\/a>\n\t\t\t\t\t\t\t\t\t\t\t\t\t\t\t<\/div>\n\t\t\t\t<\/div>\n\t\t\t\t\t<\/div>\n\t\t<\/div>\n\t\t\t\t<div class=\"elementor-column elementor-col-33 elementor-inner-column elementor-element elementor-element-561d55e1\" data-id=\"561d55e1\" data-element_type=\"column\" data-e-type=\"column\">\n\t\t\t<div class=\"elementor-widget-wrap elementor-element-populated\">\n\t\t\t\t\t\t<div class=\"elementor-element elementor-element-54e18806 elementor-widget elementor-widget-image\" data-id=\"54e18806\" data-element_type=\"widget\" data-e-type=\"widget\" data-widget_type=\"image.default\">\n\t\t\t\t<div class=\"elementor-widget-container\">\n\t\t\t\t\t\t\t\t\t\t\t\t\t\t\t\t<a href=\"https:\/\/pspnatolin.edu.pl\/?page_id=53914\">\n\t\t\t\t\t\t\t<img decoding=\"async\" width=\"300\" height=\"300\" src=\"https:\/\/pspnatolin.edu.pl\/wp-content\/uploads\/2024\/08\/ikony-12-300x300.png\" class=\"attachment-medium size-medium wp-image-53342\" alt=\"Biblioteka\" srcset=\"https:\/\/pspnatolin.edu.pl\/wp-content\/uploads\/2024\/08\/ikony-12-300x300.png 300w, https:\/\/pspnatolin.edu.pl\/wp-content\/uploads\/2024\/08\/ikony-12-150x150.png 150w, https:\/\/pspnatolin.edu.pl\/wp-content\/uploads\/2024\/08\/ikony-12.png 500w\" sizes=\"(max-width: 300px) 100vw, 300px\" \/>\t\t\t\t\t\t\t\t<\/a>\n\t\t\t\t\t\t\t\t\t\t\t\t\t\t\t<\/div>\n\t\t\t\t<\/div>\n\t\t\t\t\t<\/div>\n\t\t<\/div>\n\t\t\t\t<div class=\"elementor-column elementor-col-33 elementor-inner-column elementor-element elementor-element-1d6d28bf\" data-id=\"1d6d28bf\" data-element_type=\"column\" data-e-type=\"column\">\n\t\t\t<div class=\"elementor-widget-wrap elementor-element-populated\">\n\t\t\t\t\t\t<div class=\"elementor-element elementor-element-11c06f1a elementor-widget elementor-widget-image\" data-id=\"11c06f1a\" data-element_type=\"widget\" data-e-type=\"widget\" data-widget_type=\"image.default\">\n\t\t\t\t<div class=\"elementor-widget-container\">\n\t\t\t\t\t\t\t\t\t\t\t\t\t\t\t\t<a href=\"https:\/\/pspnatolin.edu.pl\/?page_id=54178\">\n\t\t\t\t\t\t\t<img loading=\"lazy\" decoding=\"async\" width=\"300\" height=\"300\" src=\"https:\/\/pspnatolin.edu.pl\/wp-content\/uploads\/2024\/08\/ikony-11-300x300.png\" class=\"attachment-medium size-medium wp-image-53343\" alt=\"Wolontariat\" srcset=\"https:\/\/pspnatolin.edu.pl\/wp-content\/uploads\/2024\/08\/ikony-11-300x300.png 300w, https:\/\/pspnatolin.edu.pl\/wp-content\/uploads\/2024\/08\/ikony-11-150x150.png 150w, https:\/\/pspnatolin.edu.pl\/wp-content\/uploads\/2024\/08\/ikony-11.png 500w\" sizes=\"(max-width: 300px) 100vw, 300px\" \/>\t\t\t\t\t\t\t\t<\/a>\n\t\t\t\t\t\t\t\t\t\t\t\t\t\t\t<\/div>\n\t\t\t\t<\/div>\n\t\t\t\t\t<\/div>\n\t\t<\/div>\n\t\t\t\t\t<\/div>\n\t\t<\/section>\n\t\t\t\t<section class=\"elementor-section elementor-inner-section elementor-element elementor-element-5c983314 elementor-section-boxed elementor-section-height-default elementor-section-height-default\" data-id=\"5c983314\" data-element_type=\"section\" data-e-type=\"section\">\n\t\t\t\t\t\t<div class=\"elementor-container elementor-column-gap-default\">\n\t\t\t\t\t<div class=\"elementor-column elementor-col-33 elementor-inner-column elementor-element elementor-element-23f820c\" data-id=\"23f820c\" data-element_type=\"column\" data-e-type=\"column\">\n\t\t\t<div class=\"elementor-widget-wrap elementor-element-populated\">\n\t\t\t\t\t\t<div class=\"elementor-element elementor-element-33b3369a elementor-widget elementor-widget-image\" data-id=\"33b3369a\" data-element_type=\"widget\" data-e-type=\"widget\" data-widget_type=\"image.default\">\n\t\t\t\t<div class=\"elementor-widget-container\">\n\t\t\t\t\t\t\t\t\t\t\t\t\t\t\t\t<a href=\"https:\/\/pspnatolin.edu.pl\/?page_id=53508\">\n\t\t\t\t\t\t\t<img loading=\"lazy\" decoding=\"async\" width=\"300\" height=\"300\" src=\"https:\/\/pspnatolin.edu.pl\/wp-content\/uploads\/2024\/08\/ikony-14-300x300.png\" class=\"attachment-medium size-medium wp-image-53344\" alt=\"Szkolne Ko\u0142o SKO\" srcset=\"https:\/\/pspnatolin.edu.pl\/wp-content\/uploads\/2024\/08\/ikony-14-300x300.png 300w, https:\/\/pspnatolin.edu.pl\/wp-content\/uploads\/2024\/08\/ikony-14-150x150.png 150w, https:\/\/pspnatolin.edu.pl\/wp-content\/uploads\/2024\/08\/ikony-14.png 500w\" sizes=\"(max-width: 300px) 100vw, 300px\" \/>\t\t\t\t\t\t\t\t<\/a>\n\t\t\t\t\t\t\t\t\t\t\t\t\t\t\t<\/div>\n\t\t\t\t<\/div>\n\t\t\t\t\t<\/div>\n\t\t<\/div>\n\t\t\t\t<div class=\"elementor-column elementor-col-33 elementor-inner-column elementor-element elementor-element-688e222d\" data-id=\"688e222d\" data-element_type=\"column\" data-e-type=\"column\">\n\t\t\t<div class=\"elementor-widget-wrap elementor-element-populated\">\n\t\t\t\t\t\t<div class=\"elementor-element elementor-element-df4f991 elementor-widget elementor-widget-image\" data-id=\"df4f991\" data-element_type=\"widget\" data-e-type=\"widget\" data-widget_type=\"image.default\">\n\t\t\t\t<div class=\"elementor-widget-container\">\n\t\t\t\t\t\t\t\t\t\t\t\t\t\t\t\t<a href=\"https:\/\/pspnatolin.edu.pl\/?page_id=53502\">\n\t\t\t\t\t\t\t<img loading=\"lazy\" decoding=\"async\" width=\"300\" height=\"300\" src=\"https:\/\/pspnatolin.edu.pl\/wp-content\/uploads\/2024\/08\/ikony-15-300x300.png\" class=\"attachment-medium size-medium wp-image-53345\" alt=\"Szkolne Ko\u0142o LOP\" srcset=\"https:\/\/pspnatolin.edu.pl\/wp-content\/uploads\/2024\/08\/ikony-15-300x300.png 300w, https:\/\/pspnatolin.edu.pl\/wp-content\/uploads\/2024\/08\/ikony-15-150x150.png 150w, https:\/\/pspnatolin.edu.pl\/wp-content\/uploads\/2024\/08\/ikony-15.png 500w\" sizes=\"(max-width: 300px) 100vw, 300px\" \/>\t\t\t\t\t\t\t\t<\/a>\n\t\t\t\t\t\t\t\t\t\t\t\t\t\t\t<\/div>\n\t\t\t\t<\/div>\n\t\t\t\t\t<\/div>\n\t\t<\/div>\n\t\t\t\t<div class=\"elementor-column elementor-col-33 elementor-inner-column elementor-element elementor-element-7f3e5b7a\" data-id=\"7f3e5b7a\" data-element_type=\"column\" data-e-type=\"column\">\n\t\t\t<div class=\"elementor-widget-wrap elementor-element-populated\">\n\t\t\t\t\t\t<div class=\"elementor-element elementor-element-74eefb62 elementor-widget elementor-widget-image\" data-id=\"74eefb62\" data-element_type=\"widget\" data-e-type=\"widget\" data-widget_type=\"image.default\">\n\t\t\t\t<div class=\"elementor-widget-container\">\n\t\t\t\t\t\t\t\t\t\t\t\t\t\t\t\t<a href=\"https:\/\/pspnatolin.edu.pl\/?page_id=39914\">\n\t\t\t\t\t\t\t<img loading=\"lazy\" decoding=\"async\" width=\"300\" height=\"300\" src=\"https:\/\/pspnatolin.edu.pl\/wp-content\/uploads\/2024\/08\/ikony-13-300x300.png\" class=\"attachment-medium size-medium wp-image-53346\" alt=\"Laboratoria przysz\u0142o\u015bci\" srcset=\"https:\/\/pspnatolin.edu.pl\/wp-content\/uploads\/2024\/08\/ikony-13-300x300.png 300w, https:\/\/pspnatolin.edu.pl\/wp-content\/uploads\/2024\/08\/ikony-13-150x150.png 150w, https:\/\/pspnatolin.edu.pl\/wp-content\/uploads\/2024\/08\/ikony-13.png 500w\" sizes=\"(max-width: 300px) 100vw, 300px\" \/>\t\t\t\t\t\t\t\t<\/a>\n\t\t\t\t\t\t\t\t\t\t\t\t\t\t\t<\/div>\n\t\t\t\t<\/div>\n\t\t\t\t\t<\/div>\n\t\t<\/div>\n\t\t\t\t\t<\/div>\n\t\t<\/section>\n\t\t\t\t\t<\/div>\n\t\t<\/div>\n\t\t\t\t\t<\/div>\n\t\t<\/section>\n\t\t\t\t<section class=\"elementor-section elementor-top-section elementor-element elementor-element-0834edd elementor-section-boxed elementor-section-height-default elementor-section-height-default\" data-id=\"0834edd\" data-element_type=\"section\" data-e-type=\"section\">\n\t\t\t\t\t\t<div class=\"elementor-container elementor-column-gap-default\">\n\t\t\t\t\t<div class=\"elementor-column elementor-col-100 elementor-top-column elementor-element elementor-element-48bb202\" data-id=\"48bb202\" data-element_type=\"column\" data-e-type=\"column\">\n\t\t\t<div class=\"elementor-widget-wrap elementor-element-populated\">\n\t\t\t\t\t\t<div class=\"elementor-element elementor-element-a85063d elementor-widget-divider--view-line elementor-widget elementor-widget-divider\" data-id=\"a85063d\" data-element_type=\"widget\" data-e-type=\"widget\" data-widget_type=\"divider.default\">\n\t\t\t\t<div class=\"elementor-widget-container\">\n\t\t\t\t\t\t\t<div class=\"elementor-divider\">\n\t\t\t<span class=\"elementor-divider-separator\">\n\t\t\t\t\t\t<\/span>\n\t\t<\/div>\n\t\t\t\t\t\t<\/div>\n\t\t\t\t<\/div>\n\t\t\t\t\t<\/div>\n\t\t<\/div>\n\t\t\t\t\t<\/div>\n\t\t<\/section>\n\t\t\t\t<section class=\"elementor-section elementor-top-section elementor-element elementor-element-fd02fa3 elementor-section-boxed elementor-section-height-default elementor-section-height-default\" data-id=\"fd02fa3\" data-element_type=\"section\" data-e-type=\"section\">\n\t\t\t\t\t\t<div class=\"elementor-container elementor-column-gap-default\">\n\t\t\t\t\t<div class=\"elementor-column elementor-col-33 elementor-top-column elementor-element elementor-element-34de34c\" data-id=\"34de34c\" data-element_type=\"column\" data-e-type=\"column\">\n\t\t\t<div class=\"elementor-widget-wrap elementor-element-populated\">\n\t\t\t\t\t\t<div class=\"elementor-element elementor-element-f1c1220 elementor-widget elementor-widget-image\" data-id=\"f1c1220\" data-element_type=\"widget\" data-e-type=\"widget\" data-widget_type=\"image.default\">\n\t\t\t\t<div class=\"elementor-widget-container\">\n\t\t\t\t\t\t\t\t\t\t\t\t\t\t\t<img loading=\"lazy\" decoding=\"async\" width=\"200\" height=\"200\" src=\"https:\/\/pspnatolin.edu.pl\/wp-content\/uploads\/2024\/12\/log_koz001_mini.jpg\" class=\"attachment-large size-large wp-image-53698\" alt=\"\" srcset=\"https:\/\/pspnatolin.edu.pl\/wp-content\/uploads\/2024\/12\/log_koz001_mini.jpg 200w, https:\/\/pspnatolin.edu.pl\/wp-content\/uploads\/2024\/12\/log_koz001_mini-150x150.jpg 150w\" sizes=\"(max-width: 200px) 100vw, 200px\" \/>\t\t\t\t\t\t\t\t\t\t\t\t\t\t\t<\/div>\n\t\t\t\t<\/div>\n\t\t\t\t\t<\/div>\n\t\t<\/div>\n\t\t\t\t<div class=\"elementor-column elementor-col-66 elementor-top-column elementor-element elementor-element-de41780\" data-id=\"de41780\" data-element_type=\"column\" data-e-type=\"column\">\n\t\t\t<div class=\"elementor-widget-wrap elementor-element-populated\">\n\t\t\t\t\t\t<div class=\"elementor-element elementor-element-6be23a1 elementor-widget elementor-widget-heading\" data-id=\"6be23a1\" data-element_type=\"widget\" data-e-type=\"widget\" data-widget_type=\"heading.default\">\n\t\t\t\t<div class=\"elementor-widget-container\">\n\t\t\t\t\t<h4 class=\"elementor-heading-title elementor-size-default\"><a href=\"https:\/\/pspnatolin.edu.pl\/\">Publiczna Szko\u0142a Podstawowa im. Kornela Makuszy\u0144skiego w Natolinie<\/a><\/h4>\t\t\t\t<\/div>\n\t\t\t\t<\/div>\n\t\t\t\t<div class=\"elementor-element elementor-element-8e069b3 elementor-widget elementor-widget-text-editor\" data-id=\"8e069b3\" data-element_type=\"widget\" data-e-type=\"widget\" data-widget_type=\"text-editor.default\">\n\t\t\t\t<div class=\"elementor-widget-container\">\n\t\t\t\t\t\t\t\t\t<p style=\"text-align: center;\"><em>Ta strona jest dost\u0119pna na licencji Creative Commons Uznanie autorstwa \u2013 Na tych samych warunkach 4.0 Mi\u0119dzynarodowe<\/em><\/p>\t\t\t\t\t\t\t\t<\/div>\n\t\t\t\t<\/div>\n\t\t\t\t\t<\/div>\n\t\t<\/div>\n\t\t\t\t\t<\/div>\n\t\t<\/section>\n\t\t\t\t<\/div>\n\t\t","protected":false},"excerpt":{"rendered":"<p>Publiczna Szko\u0142a Podstawowa im. Kornela Makuszy\u0144skiego w Natolinie Publiczna Szko\u0142a Podstawowa im. Kornela Makuszy\u0144skiego w Natolinie Ta strona jest dost\u0119pna na licencji Creative Commons Uznanie autorstwa \u2013 Na tych samych warunkach 4.0 Mi\u0119dzynarodowe<\/p>\n","protected":false},"author":1,"featured_media":0,"parent":53551,"menu_order":0,"comment_status":"closed","ping_status":"closed","template":"elementor_canvas","meta":{"footnotes":""},"class_list":["post-53284","page","type-page","status-publish","hentry"],"_links":{"self":[{"href":"https:\/\/pspnatolin.edu.pl\/index.php?rest_route=\/wp\/v2\/pages\/53284","targetHints":{"allow":["GET"]}}],"collection":[{"href":"https:\/\/pspnatolin.edu.pl\/index.php?rest_route=\/wp\/v2\/pages"}],"about":[{"href":"https:\/\/pspnatolin.edu.pl\/index.php?rest_route=\/wp\/v2\/types\/page"}],"author":[{"embeddable":true,"href":"https:\/\/pspnatolin.edu.pl\/index.php?rest_route=\/wp\/v2\/users\/1"}],"replies":[{"embeddable":true,"href":"https:\/\/pspnatolin.edu.pl\/index.php?rest_route=%2Fwp%2Fv2%2Fcomments&post=53284"}],"version-history":[{"count":32,"href":"https:\/\/pspnatolin.edu.pl\/index.php?rest_route=\/wp\/v2\/pages\/53284\/revisions"}],"predecessor-version":[{"id":54233,"href":"https:\/\/pspnatolin.edu.pl\/index.php?rest_route=\/wp\/v2\/pages\/53284\/revisions\/54233"}],"up":[{"embeddable":true,"href":"https:\/\/pspnatolin.edu.pl\/index.php?rest_route=\/wp\/v2\/pages\/53551"}],"wp:attachment":[{"href":"https:\/\/pspnatolin.edu.pl\/index.php?rest_route=%2Fwp%2Fv2%2Fmedia&parent=53284"}],"curies":[{"name":"wp","href":"https:\/\/api.w.org\/{rel}","templated":true}]}}