{"id":14,"date":"2018-08-24T21:20:17","date_gmt":"2018-08-24T19:20:17","guid":{"rendered":"https:\/\/pspnatolin.edu.pl\/wp-content\/uploads\/2018\/09\/?page_id=14"},"modified":"2025-09-08T11:18:06","modified_gmt":"2025-09-08T09:18:06","slug":"o-szkole","status":"publish","type":"page","link":"https:\/\/pspnatolin.edu.pl\/?page_id=14","title":{"rendered":"O szkole"},"content":{"rendered":"\t\t<div data-elementor-type=\"wp-page\" data-elementor-id=\"14\" class=\"elementor elementor-14\" data-elementor-post-type=\"page\">\n\t\t\t\t\t\t<section class=\"elementor-section elementor-top-section elementor-element elementor-element-50748c33 elementor-section-content-middle elementor-section-boxed elementor-section-height-default elementor-section-height-default\" data-id=\"50748c33\" data-element_type=\"section\" data-e-type=\"section\">\n\t\t\t\t\t\t<div class=\"elementor-container elementor-column-gap-default\">\n\t\t\t\t\t<div class=\"elementor-column elementor-col-33 elementor-top-column elementor-element elementor-element-26b3a98a\" data-id=\"26b3a98a\" data-element_type=\"column\" data-e-type=\"column\">\n\t\t\t<div class=\"elementor-widget-wrap elementor-element-populated\">\n\t\t\t\t\t\t<div class=\"elementor-element elementor-element-10f0ae83 elementor-widget elementor-widget-image\" data-id=\"10f0ae83\" data-element_type=\"widget\" data-e-type=\"widget\" data-widget_type=\"image.default\">\n\t\t\t\t<div class=\"elementor-widget-container\">\n\t\t\t\t\t\t\t\t\t\t\t\t\t\t\t\t<a href=\"https:\/\/pspnatolin.edu.pl\/\">\n\t\t\t\t\t\t\t<img decoding=\"async\" width=\"300\" height=\"133\" src=\"https:\/\/pspnatolin.edu.pl\/wp-content\/uploads\/2024\/01\/logo-plus-orzel-300x133.png\" class=\"attachment-medium size-medium wp-image-50643\" alt=\"\" srcset=\"https:\/\/pspnatolin.edu.pl\/wp-content\/uploads\/2024\/01\/logo-plus-orzel-300x133.png 300w, https:\/\/pspnatolin.edu.pl\/wp-content\/uploads\/2024\/01\/logo-plus-orzel.png 451w\" sizes=\"(max-width: 300px) 100vw, 300px\" \/>\t\t\t\t\t\t\t\t<\/a>\n\t\t\t\t\t\t\t\t\t\t\t\t\t\t\t<\/div>\n\t\t\t\t<\/div>\n\t\t\t\t\t<\/div>\n\t\t<\/div>\n\t\t\t\t<div class=\"elementor-column elementor-col-66 elementor-top-column elementor-element elementor-element-13b29c6e\" data-id=\"13b29c6e\" data-element_type=\"column\" data-e-type=\"column\">\n\t\t\t<div class=\"elementor-widget-wrap elementor-element-populated\">\n\t\t\t\t\t\t<div class=\"elementor-element elementor-element-6d0ee1a1 elementor-widget elementor-widget-heading\" data-id=\"6d0ee1a1\" data-element_type=\"widget\" data-e-type=\"widget\" data-widget_type=\"heading.default\">\n\t\t\t\t<div class=\"elementor-widget-container\">\n\t\t\t\t\t<h3 class=\"elementor-heading-title elementor-size-default\"><a href=\"https:\/\/pspnatolin.edu.pl\/\">Publiczna Szko\u0142a Podstawowa im. Kornela Makuszy\u0144skiego w Natolinie<\/a><\/h3>\t\t\t\t<\/div>\n\t\t\t\t<\/div>\n\t\t\t\t\t<\/div>\n\t\t<\/div>\n\t\t\t\t\t<\/div>\n\t\t<\/section>\n\t\t\t\t<section class=\"elementor-section elementor-top-section elementor-element elementor-element-558cd94 elementor-section-boxed elementor-section-height-default elementor-section-height-default\" data-id=\"558cd94\" data-element_type=\"section\" data-e-type=\"section\">\n\t\t\t\t\t\t<div class=\"elementor-container elementor-column-gap-default\">\n\t\t\t\t\t<div class=\"elementor-column elementor-col-100 elementor-top-column elementor-element elementor-element-2e4f7c03\" data-id=\"2e4f7c03\" data-element_type=\"column\" data-e-type=\"column\">\n\t\t\t<div class=\"elementor-widget-wrap elementor-element-populated\">\n\t\t\t\t\t\t<div class=\"elementor-element elementor-element-79e0a596 elementor-widget-divider--view-line elementor-widget elementor-widget-divider\" data-id=\"79e0a596\" data-element_type=\"widget\" data-e-type=\"widget\" data-widget_type=\"divider.default\">\n\t\t\t\t<div class=\"elementor-widget-container\">\n\t\t\t\t\t\t\t<div class=\"elementor-divider\">\n\t\t\t<span class=\"elementor-divider-separator\">\n\t\t\t\t\t\t<\/span>\n\t\t<\/div>\n\t\t\t\t\t\t<\/div>\n\t\t\t\t<\/div>\n\t\t\t\t\t<\/div>\n\t\t<\/div>\n\t\t\t\t\t<\/div>\n\t\t<\/section>\n\t\t\t\t<section class=\"elementor-section elementor-top-section elementor-element elementor-element-55ef019d elementor-section-boxed elementor-section-height-default elementor-section-height-default\" data-id=\"55ef019d\" data-element_type=\"section\" data-e-type=\"section\">\n\t\t\t\t\t\t<div class=\"elementor-container elementor-column-gap-default\">\n\t\t\t\t\t<div class=\"elementor-column elementor-col-100 elementor-top-column elementor-element elementor-element-3c3a2c08\" data-id=\"3c3a2c08\" data-element_type=\"column\" data-e-type=\"column\">\n\t\t\t<div class=\"elementor-widget-wrap elementor-element-populated\">\n\t\t\t\t\t\t<div class=\"elementor-element elementor-element-1264670 elementor-widget elementor-widget-heading\" data-id=\"1264670\" data-element_type=\"widget\" data-e-type=\"widget\" data-widget_type=\"heading.default\">\n\t\t\t\t<div class=\"elementor-widget-container\">\n\t\t\t\t\t<h3 class=\"elementor-heading-title elementor-size-default\">O szkole<\/h3>\t\t\t\t<\/div>\n\t\t\t\t<\/div>\n\t\t\t\t\t<\/div>\n\t\t<\/div>\n\t\t\t\t\t<\/div>\n\t\t<\/section>\n\t\t\t\t<section class=\"elementor-section elementor-top-section elementor-element elementor-element-7eacfa6a elementor-section-boxed elementor-section-height-default elementor-section-height-default\" data-id=\"7eacfa6a\" data-element_type=\"section\" data-e-type=\"section\">\n\t\t\t\t\t\t<div class=\"elementor-container elementor-column-gap-default\">\n\t\t\t\t\t<div class=\"elementor-column elementor-col-100 elementor-top-column elementor-element elementor-element-47c8ad0c\" data-id=\"47c8ad0c\" data-element_type=\"column\" data-e-type=\"column\">\n\t\t\t<div class=\"elementor-widget-wrap elementor-element-populated\">\n\t\t\t\t\t\t<div class=\"elementor-element elementor-element-1d6a6bd8 elementor-widget-divider--view-line elementor-widget elementor-widget-divider\" data-id=\"1d6a6bd8\" data-element_type=\"widget\" data-e-type=\"widget\" data-widget_type=\"divider.default\">\n\t\t\t\t<div class=\"elementor-widget-container\">\n\t\t\t\t\t\t\t<div class=\"elementor-divider\">\n\t\t\t<span class=\"elementor-divider-separator\">\n\t\t\t\t\t\t<\/span>\n\t\t<\/div>\n\t\t\t\t\t\t<\/div>\n\t\t\t\t<\/div>\n\t\t\t\t\t<\/div>\n\t\t<\/div>\n\t\t\t\t\t<\/div>\n\t\t<\/section>\n\t\t\t\t<section class=\"elementor-section elementor-top-section elementor-element elementor-element-373ddac0 elementor-section-boxed elementor-section-height-default elementor-section-height-default\" data-id=\"373ddac0\" data-element_type=\"section\" data-e-type=\"section\">\n\t\t\t\t\t\t<div class=\"elementor-container elementor-column-gap-default\">\n\t\t\t\t\t<div class=\"elementor-column elementor-col-100 elementor-top-column elementor-element elementor-element-38884c6f\" data-id=\"38884c6f\" data-element_type=\"column\" data-e-type=\"column\">\n\t\t\t<div class=\"elementor-widget-wrap elementor-element-populated\">\n\t\t\t\t\t\t<section class=\"elementor-section elementor-inner-section elementor-element elementor-element-3e3167c8 elementor-section-boxed elementor-section-height-default elementor-section-height-default\" data-id=\"3e3167c8\" data-element_type=\"section\" data-e-type=\"section\">\n\t\t\t\t\t\t<div class=\"elementor-container elementor-column-gap-default\">\n\t\t\t\t\t<div class=\"elementor-column elementor-col-33 elementor-inner-column elementor-element elementor-element-33ef5856\" data-id=\"33ef5856\" data-element_type=\"column\" data-e-type=\"column\">\n\t\t\t<div class=\"elementor-widget-wrap elementor-element-populated\">\n\t\t\t\t\t\t<div class=\"elementor-element elementor-element-15a28740 elementor-widget elementor-widget-image\" data-id=\"15a28740\" data-element_type=\"widget\" data-e-type=\"widget\" data-widget_type=\"image.default\">\n\t\t\t\t<div class=\"elementor-widget-container\">\n\t\t\t\t\t\t\t\t\t\t\t\t\t\t\t\t<a href=\"https:\/\/pspnatolin.edu.pl\/wp-content\/uploads\/2025\/09\/Plan_klas_2025.pdf\">\n\t\t\t\t\t\t\t<img fetchpriority=\"high\" decoding=\"async\" width=\"300\" height=\"300\" src=\"https:\/\/pspnatolin.edu.pl\/wp-content\/uploads\/2024\/08\/ikony-3-300x300.png\" class=\"attachment-medium size-medium wp-image-53266\" alt=\"\" srcset=\"https:\/\/pspnatolin.edu.pl\/wp-content\/uploads\/2024\/08\/ikony-3-300x300.png 300w, https:\/\/pspnatolin.edu.pl\/wp-content\/uploads\/2024\/08\/ikony-3-150x150.png 150w, https:\/\/pspnatolin.edu.pl\/wp-content\/uploads\/2024\/08\/ikony-3.png 500w\" sizes=\"(max-width: 300px) 100vw, 300px\" \/>\t\t\t\t\t\t\t\t<\/a>\n\t\t\t\t\t\t\t\t\t\t\t\t\t\t\t<\/div>\n\t\t\t\t<\/div>\n\t\t\t\t\t<\/div>\n\t\t<\/div>\n\t\t\t\t<div class=\"elementor-column elementor-col-33 elementor-inner-column elementor-element elementor-element-13a47eb4\" data-id=\"13a47eb4\" data-element_type=\"column\" data-e-type=\"column\">\n\t\t\t<div class=\"elementor-widget-wrap elementor-element-populated\">\n\t\t\t\t\t\t<div class=\"elementor-element elementor-element-d3e712b elementor-widget elementor-widget-image\" data-id=\"d3e712b\" data-element_type=\"widget\" data-e-type=\"widget\" data-widget_type=\"image.default\">\n\t\t\t\t<div class=\"elementor-widget-container\">\n\t\t\t\t\t\t\t\t\t\t\t\t\t\t\t\t<a href=\"https:\/\/pspnatolin.edu.pl\/wp-content\/uploads\/2025\/09\/Plan_nauczycieli_2025.pdf\">\n\t\t\t\t\t\t\t<img decoding=\"async\" width=\"300\" height=\"300\" src=\"https:\/\/pspnatolin.edu.pl\/wp-content\/uploads\/2024\/08\/ikony-4-300x300.png\" class=\"attachment-medium size-medium wp-image-53267\" alt=\"\" srcset=\"https:\/\/pspnatolin.edu.pl\/wp-content\/uploads\/2024\/08\/ikony-4-300x300.png 300w, https:\/\/pspnatolin.edu.pl\/wp-content\/uploads\/2024\/08\/ikony-4-150x150.png 150w, https:\/\/pspnatolin.edu.pl\/wp-content\/uploads\/2024\/08\/ikony-4.png 500w\" sizes=\"(max-width: 300px) 100vw, 300px\" \/>\t\t\t\t\t\t\t\t<\/a>\n\t\t\t\t\t\t\t\t\t\t\t\t\t\t\t<\/div>\n\t\t\t\t<\/div>\n\t\t\t\t\t<\/div>\n\t\t<\/div>\n\t\t\t\t<div class=\"elementor-column elementor-col-33 elementor-inner-column elementor-element elementor-element-4ba8aede\" data-id=\"4ba8aede\" data-element_type=\"column\" data-e-type=\"column\">\n\t\t\t<div class=\"elementor-widget-wrap elementor-element-populated\">\n\t\t\t\t\t\t<div class=\"elementor-element elementor-element-575782bb elementor-widget elementor-widget-image\" data-id=\"575782bb\" data-element_type=\"widget\" data-e-type=\"widget\" data-widget_type=\"image.default\">\n\t\t\t\t<div class=\"elementor-widget-container\">\n\t\t\t\t\t\t\t\t\t\t\t\t\t\t\t\t<a href=\"https:\/\/pspnatolin.edu.pl\/?page_id=16\">\n\t\t\t\t\t\t\t<img loading=\"lazy\" decoding=\"async\" width=\"300\" height=\"300\" src=\"https:\/\/pspnatolin.edu.pl\/wp-content\/uploads\/2024\/08\/ikony-5-300x300.png\" class=\"attachment-medium size-medium wp-image-53269\" alt=\"\" srcset=\"https:\/\/pspnatolin.edu.pl\/wp-content\/uploads\/2024\/08\/ikony-5-300x300.png 300w, https:\/\/pspnatolin.edu.pl\/wp-content\/uploads\/2024\/08\/ikony-5-150x150.png 150w, https:\/\/pspnatolin.edu.pl\/wp-content\/uploads\/2024\/08\/ikony-5.png 500w\" sizes=\"(max-width: 300px) 100vw, 300px\" \/>\t\t\t\t\t\t\t\t<\/a>\n\t\t\t\t\t\t\t\t\t\t\t\t\t\t\t<\/div>\n\t\t\t\t<\/div>\n\t\t\t\t\t<\/div>\n\t\t<\/div>\n\t\t\t\t\t<\/div>\n\t\t<\/section>\n\t\t\t\t<section class=\"elementor-section elementor-inner-section elementor-element elementor-element-62a49bbe elementor-section-boxed elementor-section-height-default elementor-section-height-default\" data-id=\"62a49bbe\" data-element_type=\"section\" data-e-type=\"section\">\n\t\t\t\t\t\t<div class=\"elementor-container elementor-column-gap-default\">\n\t\t\t\t\t<div class=\"elementor-column elementor-col-33 elementor-inner-column elementor-element elementor-element-4ac239f7\" data-id=\"4ac239f7\" data-element_type=\"column\" data-e-type=\"column\">\n\t\t\t<div class=\"elementor-widget-wrap elementor-element-populated\">\n\t\t\t\t\t\t<div class=\"elementor-element elementor-element-1b0deaa elementor-widget elementor-widget-image\" data-id=\"1b0deaa\" data-element_type=\"widget\" data-e-type=\"widget\" data-widget_type=\"image.default\">\n\t\t\t\t<div class=\"elementor-widget-container\">\n\t\t\t\t\t\t\t\t\t\t\t\t\t\t\t\t<a href=\"https:\/\/pspnatolin.edu.pl\/?page_id=53655\">\n\t\t\t\t\t\t\t<img loading=\"lazy\" decoding=\"async\" width=\"300\" height=\"300\" src=\"https:\/\/pspnatolin.edu.pl\/wp-content\/uploads\/2024\/08\/ikony-6-300x300.png\" class=\"attachment-medium size-medium wp-image-53277\" alt=\"\" srcset=\"https:\/\/pspnatolin.edu.pl\/wp-content\/uploads\/2024\/08\/ikony-6-300x300.png 300w, https:\/\/pspnatolin.edu.pl\/wp-content\/uploads\/2024\/08\/ikony-6-150x150.png 150w, https:\/\/pspnatolin.edu.pl\/wp-content\/uploads\/2024\/08\/ikony-6.png 500w\" sizes=\"(max-width: 300px) 100vw, 300px\" \/>\t\t\t\t\t\t\t\t<\/a>\n\t\t\t\t\t\t\t\t\t\t\t\t\t\t\t<\/div>\n\t\t\t\t<\/div>\n\t\t\t\t\t<\/div>\n\t\t<\/div>\n\t\t\t\t<div class=\"elementor-column elementor-col-33 elementor-inner-column elementor-element elementor-element-65cda30e\" data-id=\"65cda30e\" data-element_type=\"column\" data-e-type=\"column\">\n\t\t\t<div class=\"elementor-widget-wrap elementor-element-populated\">\n\t\t\t\t\t\t<div class=\"elementor-element elementor-element-405116de elementor-widget elementor-widget-image\" data-id=\"405116de\" data-element_type=\"widget\" data-e-type=\"widget\" data-widget_type=\"image.default\">\n\t\t\t\t<div class=\"elementor-widget-container\">\n\t\t\t\t\t\t\t\t\t\t\t\t\t\t\t\t<a href=\"https:\/\/pspnatolin.edu.pl\/?page_id=112\">\n\t\t\t\t\t\t\t<img loading=\"lazy\" decoding=\"async\" width=\"300\" height=\"300\" src=\"https:\/\/pspnatolin.edu.pl\/wp-content\/uploads\/2024\/08\/ikony-8-300x300.png\" class=\"attachment-medium size-medium wp-image-53274\" alt=\"\" srcset=\"https:\/\/pspnatolin.edu.pl\/wp-content\/uploads\/2024\/08\/ikony-8-300x300.png 300w, https:\/\/pspnatolin.edu.pl\/wp-content\/uploads\/2024\/08\/ikony-8-150x150.png 150w, https:\/\/pspnatolin.edu.pl\/wp-content\/uploads\/2024\/08\/ikony-8.png 500w\" sizes=\"(max-width: 300px) 100vw, 300px\" \/>\t\t\t\t\t\t\t\t<\/a>\n\t\t\t\t\t\t\t\t\t\t\t\t\t\t\t<\/div>\n\t\t\t\t<\/div>\n\t\t\t\t\t<\/div>\n\t\t<\/div>\n\t\t\t\t<div class=\"elementor-column elementor-col-33 elementor-inner-column elementor-element elementor-element-50096f38\" data-id=\"50096f38\" data-element_type=\"column\" data-e-type=\"column\">\n\t\t\t<div class=\"elementor-widget-wrap elementor-element-populated\">\n\t\t\t\t\t\t<div class=\"elementor-element elementor-element-7fab240 elementor-widget elementor-widget-image\" data-id=\"7fab240\" data-element_type=\"widget\" data-e-type=\"widget\" data-widget_type=\"image.default\">\n\t\t\t\t<div class=\"elementor-widget-container\">\n\t\t\t\t\t\t\t\t\t\t\t\t\t\t\t\t<a href=\"https:\/\/pspnatolin.edu.pl\/?page_id=265\">\n\t\t\t\t\t\t\t<img loading=\"lazy\" decoding=\"async\" width=\"300\" height=\"300\" src=\"https:\/\/pspnatolin.edu.pl\/wp-content\/uploads\/2024\/08\/ikony-7-300x300.png\" class=\"attachment-medium size-medium wp-image-53275\" alt=\"\" srcset=\"https:\/\/pspnatolin.edu.pl\/wp-content\/uploads\/2024\/08\/ikony-7-300x300.png 300w, https:\/\/pspnatolin.edu.pl\/wp-content\/uploads\/2024\/08\/ikony-7-150x150.png 150w, https:\/\/pspnatolin.edu.pl\/wp-content\/uploads\/2024\/08\/ikony-7.png 500w\" sizes=\"(max-width: 300px) 100vw, 300px\" \/>\t\t\t\t\t\t\t\t<\/a>\n\t\t\t\t\t\t\t\t\t\t\t\t\t\t\t<\/div>\n\t\t\t\t<\/div>\n\t\t\t\t\t<\/div>\n\t\t<\/div>\n\t\t\t\t\t<\/div>\n\t\t<\/section>\n\t\t\t\t<section class=\"elementor-section elementor-inner-section elementor-element elementor-element-2cbcdcc elementor-section-boxed elementor-section-height-default elementor-section-height-default\" data-id=\"2cbcdcc\" data-element_type=\"section\" data-e-type=\"section\">\n\t\t\t\t\t\t<div class=\"elementor-container elementor-column-gap-default\">\n\t\t\t\t\t<div class=\"elementor-column elementor-col-33 elementor-inner-column elementor-element elementor-element-64657af\" data-id=\"64657af\" data-element_type=\"column\" data-e-type=\"column\">\n\t\t\t<div class=\"elementor-widget-wrap\">\n\t\t\t\t\t\t\t<\/div>\n\t\t<\/div>\n\t\t\t\t<div class=\"elementor-column elementor-col-33 elementor-inner-column elementor-element elementor-element-c1f15b1\" data-id=\"c1f15b1\" data-element_type=\"column\" data-e-type=\"column\">\n\t\t\t<div class=\"elementor-widget-wrap\">\n\t\t\t\t\t\t\t<\/div>\n\t\t<\/div>\n\t\t\t\t<div class=\"elementor-column elementor-col-33 elementor-inner-column elementor-element elementor-element-8e70122\" data-id=\"8e70122\" data-element_type=\"column\" data-e-type=\"column\">\n\t\t\t<div class=\"elementor-widget-wrap\">\n\t\t\t\t\t\t\t<\/div>\n\t\t<\/div>\n\t\t\t\t\t<\/div>\n\t\t<\/section>\n\t\t\t\t\t<\/div>\n\t\t<\/div>\n\t\t\t\t\t<\/div>\n\t\t<\/section>\n\t\t\t\t<section class=\"elementor-section elementor-top-section elementor-element elementor-element-2c2a280 elementor-section-boxed elementor-section-height-default elementor-section-height-default\" data-id=\"2c2a280\" data-element_type=\"section\" data-e-type=\"section\">\n\t\t\t\t\t\t<div class=\"elementor-container elementor-column-gap-default\">\n\t\t\t\t\t<div class=\"elementor-column elementor-col-100 elementor-top-column elementor-element elementor-element-4a654b2\" data-id=\"4a654b2\" data-element_type=\"column\" data-e-type=\"column\">\n\t\t\t<div class=\"elementor-widget-wrap elementor-element-populated\">\n\t\t\t\t\t\t<div class=\"elementor-element elementor-element-2d17ba9 elementor-widget-divider--view-line elementor-widget elementor-widget-divider\" data-id=\"2d17ba9\" data-element_type=\"widget\" data-e-type=\"widget\" data-widget_type=\"divider.default\">\n\t\t\t\t<div class=\"elementor-widget-container\">\n\t\t\t\t\t\t\t<div class=\"elementor-divider\">\n\t\t\t<span class=\"elementor-divider-separator\">\n\t\t\t\t\t\t<\/span>\n\t\t<\/div>\n\t\t\t\t\t\t<\/div>\n\t\t\t\t<\/div>\n\t\t\t\t\t<\/div>\n\t\t<\/div>\n\t\t\t\t\t<\/div>\n\t\t<\/section>\n\t\t\t\t<section class=\"elementor-section elementor-top-section elementor-element elementor-element-31997ea elementor-section-boxed elementor-section-height-default elementor-section-height-default\" data-id=\"31997ea\" data-element_type=\"section\" data-e-type=\"section\">\n\t\t\t\t\t\t<div class=\"elementor-container elementor-column-gap-default\">\n\t\t\t\t\t<div class=\"elementor-column elementor-col-33 elementor-top-column elementor-element elementor-element-d3ddaf9\" data-id=\"d3ddaf9\" data-element_type=\"column\" data-e-type=\"column\">\n\t\t\t<div class=\"elementor-widget-wrap elementor-element-populated\">\n\t\t\t\t\t\t<div class=\"elementor-element elementor-element-d86664f elementor-widget elementor-widget-image\" data-id=\"d86664f\" data-element_type=\"widget\" data-e-type=\"widget\" data-widget_type=\"image.default\">\n\t\t\t\t<div class=\"elementor-widget-container\">\n\t\t\t\t\t\t\t\t\t\t\t\t\t\t\t<img loading=\"lazy\" decoding=\"async\" width=\"200\" height=\"200\" src=\"https:\/\/pspnatolin.edu.pl\/wp-content\/uploads\/2024\/12\/log_koz001_mini.jpg\" class=\"attachment-large size-large wp-image-53698\" alt=\"\" srcset=\"https:\/\/pspnatolin.edu.pl\/wp-content\/uploads\/2024\/12\/log_koz001_mini.jpg 200w, https:\/\/pspnatolin.edu.pl\/wp-content\/uploads\/2024\/12\/log_koz001_mini-150x150.jpg 150w\" sizes=\"(max-width: 200px) 100vw, 200px\" \/>\t\t\t\t\t\t\t\t\t\t\t\t\t\t\t<\/div>\n\t\t\t\t<\/div>\n\t\t\t\t\t<\/div>\n\t\t<\/div>\n\t\t\t\t<div class=\"elementor-column elementor-col-66 elementor-top-column elementor-element elementor-element-26722fc\" data-id=\"26722fc\" data-element_type=\"column\" data-e-type=\"column\">\n\t\t\t<div class=\"elementor-widget-wrap elementor-element-populated\">\n\t\t\t\t\t\t<div class=\"elementor-element elementor-element-abe9311 elementor-widget elementor-widget-heading\" data-id=\"abe9311\" data-element_type=\"widget\" data-e-type=\"widget\" data-widget_type=\"heading.default\">\n\t\t\t\t<div class=\"elementor-widget-container\">\n\t\t\t\t\t<h4 class=\"elementor-heading-title elementor-size-default\"><a href=\"https:\/\/pspnatolin.edu.pl\/\">Publiczna Szko\u0142a Podstawowa im. Kornela Makuszy\u0144skiego w Natolinie<\/a><\/h4>\t\t\t\t<\/div>\n\t\t\t\t<\/div>\n\t\t\t\t<div class=\"elementor-element elementor-element-3b1ef5c elementor-widget elementor-widget-text-editor\" data-id=\"3b1ef5c\" data-element_type=\"widget\" data-e-type=\"widget\" data-widget_type=\"text-editor.default\">\n\t\t\t\t<div class=\"elementor-widget-container\">\n\t\t\t\t\t\t\t\t\t<p style=\"text-align: center;\"><em>Ta strona jest dost\u0119pna na licencji Creative Commons Uznanie autorstwa \u2013 Na tych samych warunkach 4.0 Mi\u0119dzynarodowe<\/em><\/p>\t\t\t\t\t\t\t\t<\/div>\n\t\t\t\t<\/div>\n\t\t\t\t\t<\/div>\n\t\t<\/div>\n\t\t\t\t\t<\/div>\n\t\t<\/section>\n\t\t\t\t<\/div>\n\t\t","protected":false},"excerpt":{"rendered":"<p>Publiczna Szko\u0142a Podstawowa im. Kornela Makuszy\u0144skiego w Natolinie O szkole Publiczna Szko\u0142a Podstawowa im. Kornela Makuszy\u0144skiego w Natolinie Ta strona jest dost\u0119pna na licencji Creative Commons Uznanie autorstwa \u2013 Na tych samych warunkach 4.0 Mi\u0119dzynarodowe<\/p>\n","protected":false},"author":1,"featured_media":0,"parent":53551,"menu_order":0,"comment_status":"closed","ping_status":"closed","template":"elementor_canvas","meta":{"footnotes":""},"class_list":["post-14","page","type-page","status-publish","hentry"],"_links":{"self":[{"href":"https:\/\/pspnatolin.edu.pl\/index.php?rest_route=\/wp\/v2\/pages\/14","targetHints":{"allow":["GET"]}}],"collection":[{"href":"https:\/\/pspnatolin.edu.pl\/index.php?rest_route=\/wp\/v2\/pages"}],"about":[{"href":"https:\/\/pspnatolin.edu.pl\/index.php?rest_route=\/wp\/v2\/types\/page"}],"author":[{"embeddable":true,"href":"https:\/\/pspnatolin.edu.pl\/index.php?rest_route=\/wp\/v2\/users\/1"}],"replies":[{"embeddable":true,"href":"https:\/\/pspnatolin.edu.pl\/index.php?rest_route=%2Fwp%2Fv2%2Fcomments&post=14"}],"version-history":[{"count":61,"href":"https:\/\/pspnatolin.edu.pl\/index.php?rest_route=\/wp\/v2\/pages\/14\/revisions"}],"predecessor-version":[{"id":54413,"href":"https:\/\/pspnatolin.edu.pl\/index.php?rest_route=\/wp\/v2\/pages\/14\/revisions\/54413"}],"up":[{"embeddable":true,"href":"https:\/\/pspnatolin.edu.pl\/index.php?rest_route=\/wp\/v2\/pages\/53551"}],"wp:attachment":[{"href":"https:\/\/pspnatolin.edu.pl\/index.php?rest_route=%2Fwp%2Fv2%2Fmedia&parent=14"}],"curies":[{"name":"wp","href":"https:\/\/api.w.org\/{rel}","templated":true}]}}