{"id":109,"date":"2018-08-29T10:00:22","date_gmt":"2018-08-29T08:00:22","guid":{"rendered":"https:\/\/pspnatolin.edu.pl\/wp-content\/uploads\/2018\/09\/?page_id=109"},"modified":"2025-01-01T21:52:59","modified_gmt":"2025-01-01T20:52:59","slug":"historia-dawniej-i-wspolczesnie","status":"publish","type":"page","link":"https:\/\/pspnatolin.edu.pl\/?page_id=109","title":{"rendered":"Historia dawniej"},"content":{"rendered":"\t\t<div data-elementor-type=\"wp-page\" data-elementor-id=\"109\" class=\"elementor elementor-109\" data-elementor-post-type=\"page\">\n\t\t\t\t\t\t<section class=\"elementor-section elementor-top-section elementor-element elementor-element-28e2fa0f elementor-section-content-middle elementor-section-boxed elementor-section-height-default elementor-section-height-default\" data-id=\"28e2fa0f\" data-element_type=\"section\" data-e-type=\"section\">\n\t\t\t\t\t\t<div class=\"elementor-container elementor-column-gap-default\">\n\t\t\t\t\t<div class=\"elementor-column elementor-col-33 elementor-top-column elementor-element elementor-element-fc69d7c\" data-id=\"fc69d7c\" data-element_type=\"column\" data-e-type=\"column\">\n\t\t\t<div class=\"elementor-widget-wrap elementor-element-populated\">\n\t\t\t\t\t\t<div class=\"elementor-element elementor-element-5f41ae82 elementor-widget elementor-widget-image\" data-id=\"5f41ae82\" data-element_type=\"widget\" data-e-type=\"widget\" data-widget_type=\"image.default\">\n\t\t\t\t<div class=\"elementor-widget-container\">\n\t\t\t\t\t\t\t\t\t\t\t\t\t\t\t\t<a href=\"https:\/\/pspnatolin.edu.pl\/\">\n\t\t\t\t\t\t\t<img decoding=\"async\" width=\"300\" height=\"133\" src=\"https:\/\/pspnatolin.edu.pl\/wp-content\/uploads\/2024\/01\/logo-plus-orzel-300x133.png\" class=\"attachment-medium size-medium wp-image-50643\" alt=\"\" srcset=\"https:\/\/pspnatolin.edu.pl\/wp-content\/uploads\/2024\/01\/logo-plus-orzel-300x133.png 300w, https:\/\/pspnatolin.edu.pl\/wp-content\/uploads\/2024\/01\/logo-plus-orzel.png 451w\" sizes=\"(max-width: 300px) 100vw, 300px\" \/>\t\t\t\t\t\t\t\t<\/a>\n\t\t\t\t\t\t\t\t\t\t\t\t\t\t\t<\/div>\n\t\t\t\t<\/div>\n\t\t\t\t\t<\/div>\n\t\t<\/div>\n\t\t\t\t<div class=\"elementor-column elementor-col-66 elementor-top-column elementor-element elementor-element-33e53ad5\" data-id=\"33e53ad5\" data-element_type=\"column\" data-e-type=\"column\">\n\t\t\t<div class=\"elementor-widget-wrap elementor-element-populated\">\n\t\t\t\t\t\t<div class=\"elementor-element elementor-element-6bbd4bf9 elementor-widget elementor-widget-heading\" data-id=\"6bbd4bf9\" data-element_type=\"widget\" data-e-type=\"widget\" data-widget_type=\"heading.default\">\n\t\t\t\t<div class=\"elementor-widget-container\">\n\t\t\t\t\t<h3 class=\"elementor-heading-title elementor-size-default\"><a href=\"https:\/\/pspnatolin.edu.pl\/\">Publiczna Szko\u0142a Podstawowa im. Kornela Makuszy\u0144skiego w Natolinie<\/a><\/h3>\t\t\t\t<\/div>\n\t\t\t\t<\/div>\n\t\t\t\t\t<\/div>\n\t\t<\/div>\n\t\t\t\t\t<\/div>\n\t\t<\/section>\n\t\t\t\t<section class=\"elementor-section elementor-top-section elementor-element elementor-element-fc04671 elementor-section-boxed elementor-section-height-default elementor-section-height-default\" data-id=\"fc04671\" data-element_type=\"section\" data-e-type=\"section\">\n\t\t\t\t\t\t<div class=\"elementor-container elementor-column-gap-default\">\n\t\t\t\t\t<div class=\"elementor-column elementor-col-100 elementor-top-column elementor-element elementor-element-6874a4de\" data-id=\"6874a4de\" data-element_type=\"column\" data-e-type=\"column\">\n\t\t\t<div class=\"elementor-widget-wrap elementor-element-populated\">\n\t\t\t\t\t\t<div class=\"elementor-element elementor-element-593b102 elementor-widget-divider--view-line elementor-widget elementor-widget-divider\" data-id=\"593b102\" data-element_type=\"widget\" data-e-type=\"widget\" data-widget_type=\"divider.default\">\n\t\t\t\t<div class=\"elementor-widget-container\">\n\t\t\t\t\t\t\t<div class=\"elementor-divider\">\n\t\t\t<span class=\"elementor-divider-separator\">\n\t\t\t\t\t\t<\/span>\n\t\t<\/div>\n\t\t\t\t\t\t<\/div>\n\t\t\t\t<\/div>\n\t\t\t\t\t<\/div>\n\t\t<\/div>\n\t\t\t\t\t<\/div>\n\t\t<\/section>\n\t\t\t\t<section class=\"elementor-section elementor-top-section elementor-element elementor-element-66557a24 elementor-section-boxed elementor-section-height-default elementor-section-height-default\" data-id=\"66557a24\" data-element_type=\"section\" data-e-type=\"section\">\n\t\t\t\t\t\t<div class=\"elementor-container elementor-column-gap-default\">\n\t\t\t\t\t<div class=\"elementor-column elementor-col-100 elementor-top-column elementor-element elementor-element-f9a38dd\" data-id=\"f9a38dd\" data-element_type=\"column\" data-e-type=\"column\">\n\t\t\t<div class=\"elementor-widget-wrap elementor-element-populated\">\n\t\t\t\t\t\t<div class=\"elementor-element elementor-element-a3cc560 elementor-widget elementor-widget-heading\" data-id=\"a3cc560\" data-element_type=\"widget\" data-e-type=\"widget\" data-widget_type=\"heading.default\">\n\t\t\t\t<div class=\"elementor-widget-container\">\n\t\t\t\t\t<h3 class=\"elementor-heading-title elementor-size-default\">Historia<\/h3>\t\t\t\t<\/div>\n\t\t\t\t<\/div>\n\t\t\t\t\t<\/div>\n\t\t<\/div>\n\t\t\t\t\t<\/div>\n\t\t<\/section>\n\t\t\t\t<section class=\"elementor-section elementor-top-section elementor-element elementor-element-7561a79 elementor-section-boxed elementor-section-height-default elementor-section-height-default\" data-id=\"7561a79\" data-element_type=\"section\" data-e-type=\"section\">\n\t\t\t\t\t\t<div class=\"elementor-container elementor-column-gap-default\">\n\t\t\t\t\t<div class=\"elementor-column elementor-col-100 elementor-top-column elementor-element elementor-element-16ef174e\" data-id=\"16ef174e\" data-element_type=\"column\" data-e-type=\"column\">\n\t\t\t<div class=\"elementor-widget-wrap elementor-element-populated\">\n\t\t\t\t\t\t<div class=\"elementor-element elementor-element-2676aa4e elementor-widget-divider--view-line elementor-widget elementor-widget-divider\" data-id=\"2676aa4e\" data-element_type=\"widget\" data-e-type=\"widget\" data-widget_type=\"divider.default\">\n\t\t\t\t<div class=\"elementor-widget-container\">\n\t\t\t\t\t\t\t<div class=\"elementor-divider\">\n\t\t\t<span class=\"elementor-divider-separator\">\n\t\t\t\t\t\t<\/span>\n\t\t<\/div>\n\t\t\t\t\t\t<\/div>\n\t\t\t\t<\/div>\n\t\t\t\t\t<\/div>\n\t\t<\/div>\n\t\t\t\t\t<\/div>\n\t\t<\/section>\n\t\t\t\t<section class=\"elementor-section elementor-top-section elementor-element elementor-element-26660c2a elementor-section-boxed elementor-section-height-default elementor-section-height-default\" data-id=\"26660c2a\" data-element_type=\"section\" data-e-type=\"section\">\n\t\t\t\t\t\t<div class=\"elementor-container elementor-column-gap-default\">\n\t\t\t\t\t<div class=\"elementor-column elementor-col-100 elementor-top-column elementor-element elementor-element-48b7a6cb\" data-id=\"48b7a6cb\" data-element_type=\"column\" data-e-type=\"column\">\n\t\t\t<div class=\"elementor-widget-wrap elementor-element-populated\">\n\t\t\t\t\t\t<div class=\"elementor-element elementor-element-4d2f7cc elementor-widget elementor-widget-text-editor\" data-id=\"4d2f7cc\" data-element_type=\"widget\" data-e-type=\"widget\" data-widget_type=\"text-editor.default\">\n\t\t\t\t<div class=\"elementor-widget-container\">\n\t\t\t\t\t\t\t\t\t<p>Ucze\u0144, a przecie\u017c ka\u017cdy z nas nim by\u0142 lub jest, szko\u0142\u0119 kojarzy przede wszystkim z budynkiem. Nawet, gdy szko\u0142a funkcjonuj\u0105ca w okre\u015blonym budynku na przestrzeni lat nosi\u0142a ca\u0142kiem r\u00f3\u017cne nazwy, to wszyscy ucz\u0105cy si\u0119 w tym budynku m\u00f3wi\u0105, \u017ce \u201cchodzili do tej samej szko\u0142y\u201d. Tak te\u017c jest w przypadku Naszej Szko\u0142y . Ale czasem warto zag\u0142\u0119bi\u0107 si\u0119 w histori\u0119 miejsca, kt\u00f3re wydaj\u0105c si\u0119 tak znajome, by\u0107 mo\u017ce chowa w sobie jak\u0105\u015b tajemnic\u0119, a ju\u017c na pewno jest cz\u0119\u015bci\u0105 dziej\u00f3w naszego regionu, miasta, pa\u0144stwa&#8230;<\/p>\t\t\t\t\t\t\t\t<\/div>\n\t\t\t\t<\/div>\n\t\t\t\t\t<\/div>\n\t\t<\/div>\n\t\t\t\t\t<\/div>\n\t\t<\/section>\n\t\t\t\t<section class=\"elementor-section elementor-top-section elementor-element elementor-element-9990a05 elementor-section-boxed elementor-section-height-default elementor-section-height-default\" data-id=\"9990a05\" data-element_type=\"section\" data-e-type=\"section\">\n\t\t\t\t\t\t<div class=\"elementor-container elementor-column-gap-default\">\n\t\t\t\t\t<div class=\"elementor-column elementor-col-50 elementor-top-column elementor-element elementor-element-4958d8be\" data-id=\"4958d8be\" data-element_type=\"column\" data-e-type=\"column\">\n\t\t\t<div class=\"elementor-widget-wrap elementor-element-populated\">\n\t\t\t\t\t\t<div class=\"elementor-element elementor-element-d212f68 elementor-widget elementor-widget-image\" data-id=\"d212f68\" data-element_type=\"widget\" data-e-type=\"widget\" data-widget_type=\"image.default\">\n\t\t\t\t<div class=\"elementor-widget-container\">\n\t\t\t\t\t\t\t\t\t\t\t\t\t\t\t<img decoding=\"async\" width=\"150\" height=\"150\" src=\"https:\/\/pspnatolin.edu.pl\/wp-content\/uploads\/2025\/01\/kronika-201x300-1-150x150.jpg\" class=\"attachment-thumbnail size-thumbnail wp-image-54007\" alt=\"\" \/>\t\t\t\t\t\t\t\t\t\t\t\t\t\t\t<\/div>\n\t\t\t\t<\/div>\n\t\t\t\t\t<\/div>\n\t\t<\/div>\n\t\t\t\t<div class=\"elementor-column elementor-col-50 elementor-top-column elementor-element elementor-element-068c031\" data-id=\"068c031\" data-element_type=\"column\" data-e-type=\"column\">\n\t\t\t<div class=\"elementor-widget-wrap elementor-element-populated\">\n\t\t\t\t\t\t<div class=\"elementor-element elementor-element-2890d99 elementor-widget elementor-widget-text-editor\" data-id=\"2890d99\" data-element_type=\"widget\" data-e-type=\"widget\" data-widget_type=\"text-editor.default\">\n\t\t\t\t<div class=\"elementor-widget-container\">\n\t\t\t\t\t\t\t\t\t<p><em><span class=\"styl8\">Tak wygl\u0105da ok\u0142adka zeszytu &#8211; istnej skarbnicy wiedzy o szkole i tamtych czasach. Cho\u0107 podany jest rok szkolny 1921-22 to zapiski dotycz\u0105 i lat p\u00f3\u017aniejszych.<\/span><\/em><\/p>\t\t\t\t\t\t\t\t<\/div>\n\t\t\t\t<\/div>\n\t\t\t\t\t<\/div>\n\t\t<\/div>\n\t\t\t\t\t<\/div>\n\t\t<\/section>\n\t\t\t\t<section class=\"elementor-section elementor-top-section elementor-element elementor-element-3f45b6bc elementor-section-boxed elementor-section-height-default elementor-section-height-default\" data-id=\"3f45b6bc\" data-element_type=\"section\" data-e-type=\"section\">\n\t\t\t\t\t\t<div class=\"elementor-container elementor-column-gap-default\">\n\t\t\t\t\t<div class=\"elementor-column elementor-col-100 elementor-top-column elementor-element elementor-element-5175cc80\" data-id=\"5175cc80\" data-element_type=\"column\" data-e-type=\"column\">\n\t\t\t<div class=\"elementor-widget-wrap elementor-element-populated\">\n\t\t\t\t\t\t<div class=\"elementor-element elementor-element-0990fcb elementor-widget elementor-widget-text-editor\" data-id=\"0990fcb\" data-element_type=\"widget\" data-e-type=\"widget\" data-widget_type=\"text-editor.default\">\n\t\t\t\t<div class=\"elementor-widget-container\">\n\t\t\t\t\t\t\t\t\t<p style=\"text-align: left;\">W przesz\u0142o\u015bci, w 1912 roku, Natolin znajdowa\u0142 si\u0119 na terenie zaboru rosyjskiego. Wprawdzie represje po powstaniu styczniowym przynios\u0142y ostateczna kl\u0119sk\u0119 polskiego szkolnictwa w zaborze rosyjskim, jednak wydarzenia roku 1905\u2013ego zmusi\u0142y Rosj\u0119 do ust\u0119pstw. Zak\u0142adano polskie szko\u0142y.<\/p><p style=\"text-align: left;\">Mieszka\u0144cy Natolina i Rajca-Wsi rozpocz\u0119li starania o pozwolenie na za\u0142o\u017cenie szko\u0142y. W efekcie ich wysi\u0142k\u00f3w w prywatnym domu Jana Krawczyka zamieszka\u0142ego w Rajcu , powsta\u0142a 3-oddzia\u0142owa szko\u0142a. Wskutek dalszych pr\u00f3\u015bb kierowanych pod adresem w\u0142adz rosyjskich, przy poparciu rz\u0105du rosyjskiego, zosta\u0142 wybudowany i przekazany szkole lokal w miejscowo\u015bci Natolin. Szko\u0142a by\u0142a przeznaczona dla mieszka\u0144c\u00f3w czterech wsi: Natolin, Rajec-Wie\u015b, Kolonia Sadk\u00f3w i Polesie. Budynek szkolny sk\u0142ada\u0142 si\u0119 z trzech pomieszcze\u0144 \u2013 jedno by\u0142o przeznaczone na mieszkanie dla nauczyciela, za\u015b dwa pozosta\u0142e na sale lekcyjne. Pierwsz\u0105 nauczycielk\u0105 \u2013 pracuj\u0105ca od 1912 roku -by\u0142a p. Laskowska. Wkr\u00f3tce potem wybuch\u0142a I Wojna \u015awiatowa, kt\u00f3ra brutalnie przekroczy\u0142a r\u00f3wnie\u017c progi szko\u0142y. Przechodz\u0105ce wojska rosyjskie, austriackie i niemieckie dokona\u0142y zniszcze\u0144: spalono \u0142awki i inne sprz\u0119ty, zdewastowano budynek. Nauka zosta\u0142a przerwana.<\/p><p>15 sierpnia 1915 roku powsta\u0142a w Radomiu pod rz\u0105dami austriackimi, Komisja Szkolna, kt\u00f3ra mia\u0142a decyduj\u0105cy wp\u0142yw na dalsze losy naszej szko\u0142y, w kt\u00f3rej praca zosta\u0142a wznowiona. Szko\u0142\u0105 kierowa\u0142a w\u00f3wczas p. Jadwiga Miko\u0142ajewska. I wreszcie wyczekiwany moment \u2013 rok 1918- Polska odzyska\u0142a niepodleg\u0142o\u015b\u0107!! Dla szko\u0142y w Natolinie rozpocz\u0105\u0142 si\u0119 kolejny okres dzia\u0142alno\u015bci. Przez w\u0142adze polskie do pracy w naszej szkole zosta\u0142 przydzielony p. Stanis\u0142aw Czerski, a w roku 1919 do\u0142\u0105czy\u0142a p. Wanda Domitrowa.<\/p><p>Szko\u0142a na owe czasy posiada\u0142a dwa oddzia\u0142y, w 1922 roku ju\u017c pi\u0119\u0107, a liczba uczni\u00f3w wzros\u0142a w tych latach do 117 \u2013tu. Warto wspomnie\u0107 ,\u017ce w latach 1923 \u2013 1927 w szkole natoli\u0144skiej uczy\u0142 religii ksi\u0105dz Kazimierz Sykulski. Jest to szczeg\u00f3lne wydarzenie, bowiem zosta\u0142 on w 1999 roku beatyfikowany.<\/p><p>Kolejny bardzo ci\u0119\u017cki moment w historii szko\u0142y to 15 pa\u017adziernika 1939 rok. Wtedy to wojska niemieckie zaj\u0119\u0142y budynek dewastuj\u0105c go.<\/p><p>Tak zostaje to odnotowane w kronice: &#8222;30 IX &#8211; Ojczyzna Nasza przesta\u0142a istnie\u0107 &#8211; zosta\u0142a ziemia i my nieszcz\u0119\u015bliwi niewolnicy. 15 IX &#8211; wojska niemieckie zajmuj\u0105 szko\u0142\u0119 dewastuj\u0105c j\u0105 jednocze\u015bnie. Tyle buty, tyle nienawi\u015bci dla nas i za co? (&#8230;) 1940 (&#8230;) Szko\u0142a idzie, dzieci do niej ucz\u0119szczaj\u0105, m\u00f3wi\u0119 im ci\u0105gle &#8222;Jeste\u015bcie narodem wielkim lecz nieszcz\u0119\u015bliwym nie mo\u017cecie si\u0119 l\u0119ka\u0107&#8221; (&#8230;)&#8221;<\/p><p>Nauczanie wznowione zosta\u0142o w 1940 roku, kiedy to naje\u017ad\u017acy opu\u015bcili wie\u015b. Pomimo zakazu nauka odbywa\u0142a si\u0119 z polskich podr\u0119cznik\u00f3w. Do czasu, gdy w 1941 roku pojawi\u0142 si\u0119 nowy nauczyciel \u2013 Karol Szwechowicz- skierowany przez Niemc\u00f3w. Wskutek jego donosu ksi\u0105\u017cki zosta\u0142y odebrane i zakazano korzystania z nich pod gro\u017ab\u0105 kary \u015bmierci. W IV 1944 roku Niemcy dokonali wysiedlenia mieszka\u0144c\u00f3w Natolina. Szko\u0142a przesta\u0142a istnie\u0107.<\/p><p>Nauka zosta\u0142a wznowiona 24 II 1945 rok, a pierwszymi powojennymi nauczycielami byli ma\u0142\u017conkowie Malinowscy. W 1959 do istniej\u0105cego budynku szkolnego dobudowano dwie sale lekcyjne. Szko\u0142\u0105 kierowa\u0142 w\u00f3wczas p. Roman Cyper.<\/p><p>W 1964 roku kierownikiem mianowany zosta\u0142 p. Stefan Grabowski. By\u0142 to znacz\u0105cy moment w historii szko\u0142y. Dzi\u0119ki zaanga\u017cowaniu nowego kierownika zasz\u0142o wiele pozytywnych zmian: doprowadzono lini\u0119 telefoniczn\u0105, oddano do u\u017cytku boisko szkolne (obie inwestycje w czynie spo\u0142ecznym), wykonany zosta\u0142 betonowy chodnik i ogrodzenie boiska wraz z dzia\u0142k\u0105 szkoln\u0105, a sama szko\u0142a powi\u0119kszy\u0142a si\u0119 o dwie kolejne sale lekcyjne. Ponadto wymieniono dach, otynkowano budynek szkolny i wybudowano budynek gospodarczy.<\/p><p>W 1964 roku kierownikiem mianowany zosta\u0142 p. Stefan Grabowski. By\u0142 to znacz\u0105cy moment w historii szko\u0142y. Dzi\u0119ki zaanga\u017cowaniu nowego kierownika zasz\u0142o wiele pozytywnych zmian: doprowadzono lini\u0119 telefoniczn\u0105, oddano do u\u017cytku boisko szkolne (obie inwestycje w czynie spo\u0142ecznym), wykonany zosta\u0142 betonowy chodnik i ogrodzenie boiska wraz z dzia\u0142k\u0105 szkoln\u0105, a sama szko\u0142a powi\u0119kszy\u0142a si\u0119 o dwie kolejne sale lekcyjne. Ponadto wymieniono dach, otynkowano budynek szkolny i wybudowano budynek gospodarczy.<\/p><p>Z po\u017c\u00f3\u0142k\u0142ych stron dawna przysi\u0119ga nauczycielska:<\/p><p>&#8222;Przysi\u0119gam Panu Bogu Wszechmog\u0105cemu, ze na powierzonem mi stanowisku urz\u0119dowem przyczynia\u0107 si\u0119 b\u0119d\u0119 w swem zakresie dzia\u0142a\u0144 ze wszystkich si\u0142 do ugruntowania wolno\u015bci, niepodleg\u0142o\u015bci i pot\u0119gi Rzeczpospolitej Polskiej, kt\u00f3rej zawsze wiernie s\u0142u\u017cy\u0107 b\u0119d\u0119, wszystkich obywateli kraju w r\u00f3wnem maj\u0105c zachowaniu, przepis\u00f3w prawa strzec b\u0119d\u0119 pilnie, obowi\u0105zki mego urz\u0119du spe\u0142nia\u0107 gorliwie i sumiennie, polecenia mych prze\u0142o\u017conych wykonywa\u0107 dok\u0142adnie, a tajemnicy urz\u0119dowej dochowam. Tak mi , Panie Bo\u017ce dopom\u00f3\u017c.&#8221;<\/p>\t\t\t\t\t\t\t\t<\/div>\n\t\t\t\t<\/div>\n\t\t\t\t\t<\/div>\n\t\t<\/div>\n\t\t\t\t\t<\/div>\n\t\t<\/section>\n\t\t\t\t<section class=\"elementor-section elementor-top-section elementor-element elementor-element-54b29c5 elementor-section-boxed elementor-section-height-default elementor-section-height-default\" data-id=\"54b29c5\" data-element_type=\"section\" data-e-type=\"section\">\n\t\t\t\t\t\t<div class=\"elementor-container elementor-column-gap-default\">\n\t\t\t\t\t<div class=\"elementor-column elementor-col-100 elementor-top-column elementor-element elementor-element-f10dafa\" data-id=\"f10dafa\" data-element_type=\"column\" data-e-type=\"column\">\n\t\t\t<div class=\"elementor-widget-wrap elementor-element-populated\">\n\t\t\t\t\t\t<div class=\"elementor-element elementor-element-a28c243 elementor-widget-divider--view-line elementor-widget elementor-widget-divider\" data-id=\"a28c243\" data-element_type=\"widget\" data-e-type=\"widget\" data-widget_type=\"divider.default\">\n\t\t\t\t<div class=\"elementor-widget-container\">\n\t\t\t\t\t\t\t<div class=\"elementor-divider\">\n\t\t\t<span class=\"elementor-divider-separator\">\n\t\t\t\t\t\t<\/span>\n\t\t<\/div>\n\t\t\t\t\t\t<\/div>\n\t\t\t\t<\/div>\n\t\t\t\t\t<\/div>\n\t\t<\/div>\n\t\t\t\t\t<\/div>\n\t\t<\/section>\n\t\t\t\t<section class=\"elementor-section elementor-top-section elementor-element elementor-element-6c76e38 elementor-section-boxed elementor-section-height-default elementor-section-height-default\" data-id=\"6c76e38\" data-element_type=\"section\" data-e-type=\"section\">\n\t\t\t\t\t\t<div class=\"elementor-container elementor-column-gap-default\">\n\t\t\t\t\t<div class=\"elementor-column elementor-col-33 elementor-top-column elementor-element elementor-element-436db2aa\" data-id=\"436db2aa\" data-element_type=\"column\" data-e-type=\"column\">\n\t\t\t<div class=\"elementor-widget-wrap elementor-element-populated\">\n\t\t\t\t\t\t<div class=\"elementor-element elementor-element-71e035d1 elementor-widget elementor-widget-image\" data-id=\"71e035d1\" data-element_type=\"widget\" data-e-type=\"widget\" data-widget_type=\"image.default\">\n\t\t\t\t<div class=\"elementor-widget-container\">\n\t\t\t\t\t\t\t\t\t\t\t\t\t\t\t<img decoding=\"async\" width=\"200\" height=\"200\" src=\"https:\/\/pspnatolin.edu.pl\/wp-content\/uploads\/2024\/12\/log_koz001_mini.jpg\" class=\"attachment-large size-large wp-image-53698\" alt=\"\" srcset=\"https:\/\/pspnatolin.edu.pl\/wp-content\/uploads\/2024\/12\/log_koz001_mini.jpg 200w, https:\/\/pspnatolin.edu.pl\/wp-content\/uploads\/2024\/12\/log_koz001_mini-150x150.jpg 150w\" sizes=\"(max-width: 200px) 100vw, 200px\" \/>\t\t\t\t\t\t\t\t\t\t\t\t\t\t\t<\/div>\n\t\t\t\t<\/div>\n\t\t\t\t\t<\/div>\n\t\t<\/div>\n\t\t\t\t<div class=\"elementor-column elementor-col-66 elementor-top-column elementor-element elementor-element-69ec401d\" data-id=\"69ec401d\" data-element_type=\"column\" data-e-type=\"column\">\n\t\t\t<div class=\"elementor-widget-wrap elementor-element-populated\">\n\t\t\t\t\t\t<div class=\"elementor-element elementor-element-55713766 elementor-widget elementor-widget-heading\" data-id=\"55713766\" data-element_type=\"widget\" data-e-type=\"widget\" data-widget_type=\"heading.default\">\n\t\t\t\t<div class=\"elementor-widget-container\">\n\t\t\t\t\t<h4 class=\"elementor-heading-title elementor-size-default\"><a href=\"https:\/\/pspnatolin.edu.pl\/\">Publiczna Szko\u0142a Podstawowa im. Kornela Makuszy\u0144skiego w Natolinie<\/a><\/h4>\t\t\t\t<\/div>\n\t\t\t\t<\/div>\n\t\t\t\t<div class=\"elementor-element elementor-element-4ecba9d0 elementor-widget elementor-widget-text-editor\" data-id=\"4ecba9d0\" data-element_type=\"widget\" data-e-type=\"widget\" data-widget_type=\"text-editor.default\">\n\t\t\t\t<div class=\"elementor-widget-container\">\n\t\t\t\t\t\t\t\t\t<p style=\"text-align: center;\"><em>Ta strona jest dost\u0119pna na licencji Creative Commons Uznanie autorstwa \u2013 Na tych samych warunkach 4.0 Mi\u0119dzynarodowe<\/em><\/p>\t\t\t\t\t\t\t\t<\/div>\n\t\t\t\t<\/div>\n\t\t\t\t\t<\/div>\n\t\t<\/div>\n\t\t\t\t\t<\/div>\n\t\t<\/section>\n\t\t\t\t<\/div>\n\t\t","protected":false},"excerpt":{"rendered":"<p>Publiczna Szko\u0142a Podstawowa im. Kornela Makuszy\u0144skiego w Natolinie Historia Ucze\u0144, a przecie\u017c ka\u017cdy z nas nim by\u0142 lub jest, szko\u0142\u0119 kojarzy przede wszystkim z budynkiem. Nawet, gdy szko\u0142a funkcjonuj\u0105ca w okre\u015blonym budynku na przestrzeni lat nosi\u0142a ca\u0142kiem r\u00f3\u017cne nazwy, to wszyscy ucz\u0105cy si\u0119 w tym budynku m\u00f3wi\u0105, \u017ce \u201cchodzili do tej samej szko\u0142y\u201d. Tak te\u017c [&hellip;]<\/p>\n","protected":false},"author":1,"featured_media":0,"parent":0,"menu_order":0,"comment_status":"closed","ping_status":"closed","template":"elementor_canvas","meta":{"footnotes":""},"class_list":["post-109","page","type-page","status-publish","hentry"],"_links":{"self":[{"href":"https:\/\/pspnatolin.edu.pl\/index.php?rest_route=\/wp\/v2\/pages\/109","targetHints":{"allow":["GET"]}}],"collection":[{"href":"https:\/\/pspnatolin.edu.pl\/index.php?rest_route=\/wp\/v2\/pages"}],"about":[{"href":"https:\/\/pspnatolin.edu.pl\/index.php?rest_route=\/wp\/v2\/types\/page"}],"author":[{"embeddable":true,"href":"https:\/\/pspnatolin.edu.pl\/index.php?rest_route=\/wp\/v2\/users\/1"}],"replies":[{"embeddable":true,"href":"https:\/\/pspnatolin.edu.pl\/index.php?rest_route=%2Fwp%2Fv2%2Fcomments&post=109"}],"version-history":[{"count":44,"href":"https:\/\/pspnatolin.edu.pl\/index.php?rest_route=\/wp\/v2\/pages\/109\/revisions"}],"predecessor-version":[{"id":54028,"href":"https:\/\/pspnatolin.edu.pl\/index.php?rest_route=\/wp\/v2\/pages\/109\/revisions\/54028"}],"wp:attachment":[{"href":"https:\/\/pspnatolin.edu.pl\/index.php?rest_route=%2Fwp%2Fv2%2Fmedia&parent=109"}],"curies":[{"name":"wp","href":"https:\/\/api.w.org\/{rel}","templated":true}]}}